{"id":690,"date":"2025-06-04T11:16:41","date_gmt":"2025-06-04T11:16:41","guid":{"rendered":"https:\/\/perlyalkoholi.pl\/?post_type=product&#038;p=690"},"modified":"2025-07-22T12:10:39","modified_gmt":"2025-07-22T12:10:39","slug":"yaboll-aperitov","status":"publish","type":"product","link":"https:\/\/perlyalkoholi.pl\/index.php\/produkt\/yaboll-aperitov\/","title":{"rendered":"Yaboll &#8211; Aperitov"},"content":{"rendered":"<p data-start=\"62\" data-end=\"359\">Polskie aperitivo o zawarto\u015bci alkoholu 11%, w pi\u0119knym, bladopomara\u0144czowym kolorze, produkowane przez winnic\u0119 Katarzyna Estate. W aromacie dominuje pomara\u0144cza i limonka, z wyra\u017anymi akcentami gorzkimi, zio\u0142owymi, pio\u0142unowymi i chinowymi, a tak\u017ce ciekaw\u0105 nut\u0105 przypominaj\u0105c\u0105 suszon\u0105 czarn\u0105 oliwk\u0119.<\/p>\n<p data-start=\"361\" data-end=\"697\">W smaku przyjemna, wytrawna goryczka po\u0142\u0105czona z zio\u0142owym charakterem i rze\u015bko\u015bci\u0105 przypominaj\u0105c\u0105 chmiel. Wyczuwalne s\u0105 te\u017c nuty wina, pio\u0142unu, by\u0107 mo\u017ce karczocha czy rabarbaru. To nietuzinkowy smak \u2013 zdecydowanie bardziej wyrazisty i gorzki ni\u017c klasyczne aperitify u\u017cywane do spritza, mimo \u017ce etykieta zapowiada \u201ebardzo s\u0142odki\u201d profil.<\/p>\n<p data-start=\"699\" data-end=\"872\">Chinowa gorycz i chmielowe nuty dodaj\u0105 lekko\u015bci i \u015bwie\u017co\u015bci. Finisz jest rze\u015bki, gorzkawy, z wyczuwalnymi tonami grejpfruta, cytrusowego albedo, chmielu i delikatnego wina.<\/p>\n","protected":false},"excerpt":{"rendered":"<p>Polskie aperitivo o zawarto\u015bci alkoholu 11%, w pi\u0119knym, bladopomara\u0144czowym kolorze, produkowane przez winnic\u0119 Katarzyna Estate. W aromacie dominuje pomara\u0144cza i limonka, z wyra\u017anymi akcentami gorzkimi, zio\u0142owymi, pio\u0142unowymi i chinowymi, a tak\u017ce ciekaw\u0105 nut\u0105 przypominaj\u0105c\u0105 suszon\u0105 czarn\u0105 oliwk\u0119. W smaku przyjemna, wytrawna goryczka po\u0142\u0105czona z zio\u0142owym charakterem i rze\u015bko\u015bci\u0105 przypominaj\u0105c\u0105 chmiel. Wyczuwalne s\u0105 te\u017c nuty wina, [&hellip;]<\/p>\n","protected":false},"featured_media":691,"comment_status":"open","ping_status":"closed","template":"","meta":[],"product_brand":[],"product_cat":[50],"product_tag":[],"class_list":{"0":"post-690","1":"product","2":"type-product","3":"status-publish","4":"has-post-thumbnail","6":"product_cat-inne","8":"first","9":"instock","10":"shipping-taxable","11":"purchasable","12":"product-type-simple"},"_links":{"self":[{"href":"https:\/\/perlyalkoholi.pl\/index.php\/wp-json\/wp\/v2\/product\/690","targetHints":{"allow":["GET"]}}],"collection":[{"href":"https:\/\/perlyalkoholi.pl\/index.php\/wp-json\/wp\/v2\/product"}],"about":[{"href":"https:\/\/perlyalkoholi.pl\/index.php\/wp-json\/wp\/v2\/types\/product"}],"replies":[{"embeddable":true,"href":"https:\/\/perlyalkoholi.pl\/index.php\/wp-json\/wp\/v2\/comments?post=690"}],"wp:featuredmedia":[{"embeddable":true,"href":"https:\/\/perlyalkoholi.pl\/index.php\/wp-json\/wp\/v2\/media\/691"}],"wp:attachment":[{"href":"https:\/\/perlyalkoholi.pl\/index.php\/wp-json\/wp\/v2\/media?parent=690"}],"wp:term":[{"taxonomy":"product_brand","embeddable":true,"href":"https:\/\/perlyalkoholi.pl\/index.php\/wp-json\/wp\/v2\/product_brand?post=690"},{"taxonomy":"product_cat","embeddable":true,"href":"https:\/\/perlyalkoholi.pl\/index.php\/wp-json\/wp\/v2\/product_cat?post=690"},{"taxonomy":"product_tag","embeddable":true,"href":"https:\/\/perlyalkoholi.pl\/index.php\/wp-json\/wp\/v2\/product_tag?post=690"}],"curies":[{"name":"wp","href":"https:\/\/api.w.org\/{rel}","templated":true}]}}