{"id":688,"date":"2025-06-04T11:10:30","date_gmt":"2025-06-04T11:10:30","guid":{"rendered":"https:\/\/perlyalkoholi.pl\/?post_type=product&#038;p=688"},"modified":"2025-06-04T13:30:58","modified_gmt":"2025-06-04T13:30:58","slug":"yaboll-spumante-dolce","status":"publish","type":"product","link":"https:\/\/perlyalkoholi.pl\/index.php\/produkt\/yaboll-spumante-dolce\/","title":{"rendered":"Yaboll &#8211; Spumante Dolce"},"content":{"rendered":"<p>Yaboll Spumante Dolce to lekkie, musuj\u0105ce wino, kt\u00f3re idealnie wpasuje si\u0119 w ka\u017cde spotkanie \u2013 od spontanicznej kolacji z przyjaci\u00f3\u0142mi, po celebracj\u0119 ma\u0142ych, codziennych przyjemno\u015bci.<\/p>\n<p>Wyj\u0105tkowa s\u0142odycz i delikatne musowanie sprawiaj\u0105, \u017ce ka\u017cda chwila nabiera blasku. Czy to wiecz\u00f3r z ukochan\u0105 osob\u0105, czy toast za udany dzie\u0144 \u2013 Yaboll Spumante Dolce zawsze b\u0119dzie trafionym wyborem.<\/p>\n<p>Dodaj troch\u0119 b\u0105belkowego orze\u017awienia do swojego dnia i rozkoszuj si\u0119 chwil\u0105!<\/p>\n","protected":false},"excerpt":{"rendered":"<p>Yaboll Spumante Dolce to lekkie, musuj\u0105ce wino, kt\u00f3re idealnie wpasuje si\u0119 w ka\u017cde spotkanie \u2013 od spontanicznej kolacji z przyjaci\u00f3\u0142mi, po celebracj\u0119 ma\u0142ych, codziennych przyjemno\u015bci. Wyj\u0105tkowa s\u0142odycz i delikatne musowanie sprawiaj\u0105, \u017ce ka\u017cda chwila nabiera blasku. Czy to wiecz\u00f3r z ukochan\u0105 osob\u0105, czy toast za udany dzie\u0144 \u2013 Yaboll Spumante Dolce zawsze b\u0119dzie trafionym wyborem. [&hellip;]<\/p>\n","protected":false},"featured_media":689,"comment_status":"open","ping_status":"closed","template":"","meta":[],"product_brand":[],"product_cat":[26],"product_tag":[],"class_list":{"0":"post-688","1":"product","2":"type-product","3":"status-publish","4":"has-post-thumbnail","6":"product_cat-wina","8":"first","9":"instock","10":"shipping-taxable","11":"purchasable","12":"product-type-simple"},"_links":{"self":[{"href":"https:\/\/perlyalkoholi.pl\/index.php\/wp-json\/wp\/v2\/product\/688","targetHints":{"allow":["GET"]}}],"collection":[{"href":"https:\/\/perlyalkoholi.pl\/index.php\/wp-json\/wp\/v2\/product"}],"about":[{"href":"https:\/\/perlyalkoholi.pl\/index.php\/wp-json\/wp\/v2\/types\/product"}],"replies":[{"embeddable":true,"href":"https:\/\/perlyalkoholi.pl\/index.php\/wp-json\/wp\/v2\/comments?post=688"}],"wp:featuredmedia":[{"embeddable":true,"href":"https:\/\/perlyalkoholi.pl\/index.php\/wp-json\/wp\/v2\/media\/689"}],"wp:attachment":[{"href":"https:\/\/perlyalkoholi.pl\/index.php\/wp-json\/wp\/v2\/media?parent=688"}],"wp:term":[{"taxonomy":"product_brand","embeddable":true,"href":"https:\/\/perlyalkoholi.pl\/index.php\/wp-json\/wp\/v2\/product_brand?post=688"},{"taxonomy":"product_cat","embeddable":true,"href":"https:\/\/perlyalkoholi.pl\/index.php\/wp-json\/wp\/v2\/product_cat?post=688"},{"taxonomy":"product_tag","embeddable":true,"href":"https:\/\/perlyalkoholi.pl\/index.php\/wp-json\/wp\/v2\/product_tag?post=688"}],"curies":[{"name":"wp","href":"https:\/\/api.w.org\/{rel}","templated":true}]}}