{"id":671,"date":"2025-06-03T07:03:39","date_gmt":"2025-06-03T07:03:39","guid":{"rendered":"https:\/\/perlyalkoholi.pl\/?post_type=product&#038;p=671"},"modified":"2025-06-12T07:46:52","modified_gmt":"2025-06-12T07:46:52","slug":"yaboll-mojito-750ml-330ml","status":"publish","type":"product","link":"https:\/\/perlyalkoholi.pl\/index.php\/produkt\/yaboll-mojito-750ml-330ml\/","title":{"rendered":"Yaboll &#8211; Mojito 4,5% 750ml \/ 330ml"},"content":{"rendered":"<p>Potrzebujesz ultra orze\u017awienia? Yaboll Mojito wkracza na scen\u0119! Mi\u0119ta, limonka &#8211; ta mieszanka to prawdziwy game-changer, kt\u00f3ry\u00a0<strong>WYABOLLI\u00a0<\/strong>Ci\u0119 z but\u00f3w i dostarczy turbo energii.<\/p>\n<p>Idealny zawsze, gdy chcesz si\u0119 sch\u0142odzi\u0107 i poczu\u0107\u00a0<strong>ZAYABOLLISTY<\/strong>\u00a0chill!<\/p>\n","protected":false},"excerpt":{"rendered":"<p>Potrzebujesz ultra orze\u017awienia? Yaboll Mojito wkracza na scen\u0119! Mi\u0119ta, limonka &#8211; ta mieszanka to prawdziwy game-changer, kt\u00f3ry\u00a0WYABOLLI\u00a0Ci\u0119 z but\u00f3w i dostarczy turbo energii. Idealny zawsze, gdy chcesz si\u0119 sch\u0142odzi\u0107 i poczu\u0107\u00a0ZAYABOLLISTY\u00a0chill!<\/p>\n","protected":false},"featured_media":672,"comment_status":"open","ping_status":"closed","template":"","meta":[],"product_brand":[],"product_cat":[48],"product_tag":[47],"class_list":{"0":"post-671","1":"product","2":"type-product","3":"status-publish","4":"has-post-thumbnail","6":"product_cat-rtd","7":"product_tag-rtd","9":"first","10":"instock","11":"shipping-taxable","12":"purchasable","13":"product-type-variable"},"_links":{"self":[{"href":"https:\/\/perlyalkoholi.pl\/index.php\/wp-json\/wp\/v2\/product\/671","targetHints":{"allow":["GET"]}}],"collection":[{"href":"https:\/\/perlyalkoholi.pl\/index.php\/wp-json\/wp\/v2\/product"}],"about":[{"href":"https:\/\/perlyalkoholi.pl\/index.php\/wp-json\/wp\/v2\/types\/product"}],"replies":[{"embeddable":true,"href":"https:\/\/perlyalkoholi.pl\/index.php\/wp-json\/wp\/v2\/comments?post=671"}],"wp:featuredmedia":[{"embeddable":true,"href":"https:\/\/perlyalkoholi.pl\/index.php\/wp-json\/wp\/v2\/media\/672"}],"wp:attachment":[{"href":"https:\/\/perlyalkoholi.pl\/index.php\/wp-json\/wp\/v2\/media?parent=671"}],"wp:term":[{"taxonomy":"product_brand","embeddable":true,"href":"https:\/\/perlyalkoholi.pl\/index.php\/wp-json\/wp\/v2\/product_brand?post=671"},{"taxonomy":"product_cat","embeddable":true,"href":"https:\/\/perlyalkoholi.pl\/index.php\/wp-json\/wp\/v2\/product_cat?post=671"},{"taxonomy":"product_tag","embeddable":true,"href":"https:\/\/perlyalkoholi.pl\/index.php\/wp-json\/wp\/v2\/product_tag?post=671"}],"curies":[{"name":"wp","href":"https:\/\/api.w.org\/{rel}","templated":true}]}}