{"id":662,"date":"2025-06-03T06:54:42","date_gmt":"2025-06-03T06:54:42","guid":{"rendered":"https:\/\/perlyalkoholi.pl\/?post_type=product&#038;p=662"},"modified":"2025-06-12T07:47:24","modified_gmt":"2025-06-12T07:47:24","slug":"yaboll-essa-750ml-330ml","status":"publish","type":"product","link":"https:\/\/perlyalkoholi.pl\/index.php\/produkt\/yaboll-essa-750ml-330ml\/","title":{"rendered":"Yaboll &#8211; Essa 4,5% 750ml \/ 330ml"},"content":{"rendered":"<div dir=\"auto\">Yaboll Essa to smak, kt\u00f3ry zaskakuje i inspiruje pe\u0142en kreatywno\u015bci i odwagi, idealny dla tych, kt\u00f3rzy przekraczaj\u0105 granice i id\u0105 w\u0142asn\u0105 drog\u0105.<\/div>\n<div dir=\"auto\">Yaboll Essa \u0142\u0105czy orze\u017awiaj\u0105ce nuty z delikatn\u0105 s\u0142odycz\u0105, tworz\u0105c kompozycj\u0119, kt\u00f3ra wyr\u00f3\u017cnia si\u0119 na ka\u017cd\u0105 okazj\u0119. To wyb\u00f3r dla tych, kt\u00f3rzy chc\u0105 wyrazi\u0107 siebie i doda\u0107 ka\u017cdej chwili wyj\u0105tkowego charakteru.<\/div>\n","protected":false},"excerpt":{"rendered":"<p>Yaboll Essa to smak, kt\u00f3ry zaskakuje i inspiruje pe\u0142en kreatywno\u015bci i odwagi, idealny dla tych, kt\u00f3rzy przekraczaj\u0105 granice i id\u0105 w\u0142asn\u0105 drog\u0105. Yaboll Essa \u0142\u0105czy orze\u017awiaj\u0105ce nuty z delikatn\u0105 s\u0142odycz\u0105, tworz\u0105c kompozycj\u0119, kt\u00f3ra wyr\u00f3\u017cnia si\u0119 na ka\u017cd\u0105 okazj\u0119. To wyb\u00f3r dla tych, kt\u00f3rzy chc\u0105 wyrazi\u0107 siebie i doda\u0107 ka\u017cdej chwili wyj\u0105tkowego charakteru.<\/p>\n","protected":false},"featured_media":663,"comment_status":"open","ping_status":"closed","template":"","meta":[],"product_brand":[],"product_cat":[48],"product_tag":[47],"class_list":{"0":"post-662","1":"product","2":"type-product","3":"status-publish","4":"has-post-thumbnail","6":"product_cat-rtd","7":"product_tag-rtd","9":"first","10":"instock","11":"shipping-taxable","12":"purchasable","13":"product-type-variable"},"_links":{"self":[{"href":"https:\/\/perlyalkoholi.pl\/index.php\/wp-json\/wp\/v2\/product\/662","targetHints":{"allow":["GET"]}}],"collection":[{"href":"https:\/\/perlyalkoholi.pl\/index.php\/wp-json\/wp\/v2\/product"}],"about":[{"href":"https:\/\/perlyalkoholi.pl\/index.php\/wp-json\/wp\/v2\/types\/product"}],"replies":[{"embeddable":true,"href":"https:\/\/perlyalkoholi.pl\/index.php\/wp-json\/wp\/v2\/comments?post=662"}],"wp:featuredmedia":[{"embeddable":true,"href":"https:\/\/perlyalkoholi.pl\/index.php\/wp-json\/wp\/v2\/media\/663"}],"wp:attachment":[{"href":"https:\/\/perlyalkoholi.pl\/index.php\/wp-json\/wp\/v2\/media?parent=662"}],"wp:term":[{"taxonomy":"product_brand","embeddable":true,"href":"https:\/\/perlyalkoholi.pl\/index.php\/wp-json\/wp\/v2\/product_brand?post=662"},{"taxonomy":"product_cat","embeddable":true,"href":"https:\/\/perlyalkoholi.pl\/index.php\/wp-json\/wp\/v2\/product_cat?post=662"},{"taxonomy":"product_tag","embeddable":true,"href":"https:\/\/perlyalkoholi.pl\/index.php\/wp-json\/wp\/v2\/product_tag?post=662"}],"curies":[{"name":"wp","href":"https:\/\/api.w.org\/{rel}","templated":true}]}}