{"id":659,"date":"2025-06-03T06:47:22","date_gmt":"2025-06-03T06:47:22","guid":{"rendered":"https:\/\/perlyalkoholi.pl\/?post_type=product&#038;p=659"},"modified":"2025-06-12T07:47:30","modified_gmt":"2025-06-12T07:47:30","slug":"yaboll-spritz-0-750ml-330ml","status":"publish","type":"product","link":"https:\/\/perlyalkoholi.pl\/index.php\/produkt\/yaboll-spritz-0-750ml-330ml\/","title":{"rendered":"Yaboll &#8211; Spritz 0% 750ml \/ 330ml"},"content":{"rendered":"<p>Chcesz poczu\u0107 w\u0142oski vibe i rozkr\u0119ci\u0107 zabaw\u0119? Yaboll Spritz to strza\u0142 w dych\u0119! Ta cydrowa wersja kultowego drinka to\u00a0<strong>ZAYABOLLISTY<\/strong>\u00a0mix lekko wytrawnego i mega orze\u017awiaj\u0105cego.<\/p>\n<p>We\u017a w r\u0119k\u0119, w\u0142\u0105cz playlist\u0119 i daj si\u0119 porwa\u0107 imprezowej fali! Bez zb\u0119dnego\u00a0<strong>YABOLLENIA!<\/strong><\/p>\n","protected":false},"excerpt":{"rendered":"<p>Chcesz poczu\u0107 w\u0142oski vibe i rozkr\u0119ci\u0107 zabaw\u0119? Yaboll Spritz to strza\u0142 w dych\u0119! Ta cydrowa wersja kultowego drinka to\u00a0ZAYABOLLISTY\u00a0mix lekko wytrawnego i mega orze\u017awiaj\u0105cego. We\u017a w r\u0119k\u0119, w\u0142\u0105cz playlist\u0119 i daj si\u0119 porwa\u0107 imprezowej fali! Bez zb\u0119dnego\u00a0YABOLLENIA!<\/p>\n","protected":false},"featured_media":660,"comment_status":"open","ping_status":"closed","template":"","meta":[],"product_brand":[],"product_cat":[48],"product_tag":[46,47],"class_list":{"0":"post-659","1":"product","2":"type-product","3":"status-publish","4":"has-post-thumbnail","6":"product_cat-rtd","7":"product_tag-rtd","9":"first","10":"instock","11":"shipping-taxable","12":"purchasable","13":"product-type-variable"},"_links":{"self":[{"href":"https:\/\/perlyalkoholi.pl\/index.php\/wp-json\/wp\/v2\/product\/659","targetHints":{"allow":["GET"]}}],"collection":[{"href":"https:\/\/perlyalkoholi.pl\/index.php\/wp-json\/wp\/v2\/product"}],"about":[{"href":"https:\/\/perlyalkoholi.pl\/index.php\/wp-json\/wp\/v2\/types\/product"}],"replies":[{"embeddable":true,"href":"https:\/\/perlyalkoholi.pl\/index.php\/wp-json\/wp\/v2\/comments?post=659"}],"wp:featuredmedia":[{"embeddable":true,"href":"https:\/\/perlyalkoholi.pl\/index.php\/wp-json\/wp\/v2\/media\/660"}],"wp:attachment":[{"href":"https:\/\/perlyalkoholi.pl\/index.php\/wp-json\/wp\/v2\/media?parent=659"}],"wp:term":[{"taxonomy":"product_brand","embeddable":true,"href":"https:\/\/perlyalkoholi.pl\/index.php\/wp-json\/wp\/v2\/product_brand?post=659"},{"taxonomy":"product_cat","embeddable":true,"href":"https:\/\/perlyalkoholi.pl\/index.php\/wp-json\/wp\/v2\/product_cat?post=659"},{"taxonomy":"product_tag","embeddable":true,"href":"https:\/\/perlyalkoholi.pl\/index.php\/wp-json\/wp\/v2\/product_tag?post=659"}],"curies":[{"name":"wp","href":"https:\/\/api.w.org\/{rel}","templated":true}]}}