{"id":652,"date":"2025-06-03T06:30:28","date_gmt":"2025-06-03T06:30:28","guid":{"rendered":"https:\/\/perlyalkoholi.pl\/?post_type=product&#038;p=652"},"modified":"2025-06-12T07:47:43","modified_gmt":"2025-06-12T07:47:43","slug":"yaboll-grapefruit-0","status":"publish","type":"product","link":"https:\/\/perlyalkoholi.pl\/index.php\/produkt\/yaboll-grapefruit-0\/","title":{"rendered":"Yaboll &#8211; Grapefruit 0%  750ml \/ 330ml"},"content":{"rendered":"<p>Yaboll Grapefruit to totalny sztos!<\/p>\n<p>Soczysty, orze\u017awiaj\u0105cy i mega wkr\u0119caj\u0105cy &#8211; po prostu rozwala system! Chcesz by\u0107 kr\u00f3lem balu? Chwy\u0107 Yaboll Grapefruit i wskakuj na imrezowy level\u00a0<strong>PRO<\/strong>. Zero nudy, same sztosy &#8211; po prostu&#8230;<\/p>\n<p><strong>ZAYABOLLISTY<\/strong>\u00a0smak, kt\u00f3ry wchodzi jak z\u0142oto!<\/p>\n<p>Zero\u00a0<strong>YABOLLENIA<\/strong>, sama przyjemno\u015b\u0107!<\/p>\n","protected":false},"excerpt":{"rendered":"<p>Yaboll Grapefruit to totalny sztos! Soczysty, orze\u017awiaj\u0105cy i mega wkr\u0119caj\u0105cy &#8211; po prostu rozwala system! Chcesz by\u0107 kr\u00f3lem balu? Chwy\u0107 Yaboll Grapefruit i wskakuj na imrezowy level\u00a0PRO. Zero nudy, same sztosy &#8211; po prostu&#8230; ZAYABOLLISTY\u00a0smak, kt\u00f3ry wchodzi jak z\u0142oto! Zero\u00a0YABOLLENIA, sama przyjemno\u015b\u0107!<\/p>\n","protected":false},"featured_media":653,"comment_status":"open","ping_status":"closed","template":"","meta":[],"product_brand":[],"product_cat":[48],"product_tag":[46,47],"class_list":{"0":"post-652","1":"product","2":"type-product","3":"status-publish","4":"has-post-thumbnail","6":"product_cat-rtd","7":"product_tag-rtd","9":"first","10":"instock","11":"shipping-taxable","12":"purchasable","13":"product-type-variable"},"_links":{"self":[{"href":"https:\/\/perlyalkoholi.pl\/index.php\/wp-json\/wp\/v2\/product\/652","targetHints":{"allow":["GET"]}}],"collection":[{"href":"https:\/\/perlyalkoholi.pl\/index.php\/wp-json\/wp\/v2\/product"}],"about":[{"href":"https:\/\/perlyalkoholi.pl\/index.php\/wp-json\/wp\/v2\/types\/product"}],"replies":[{"embeddable":true,"href":"https:\/\/perlyalkoholi.pl\/index.php\/wp-json\/wp\/v2\/comments?post=652"}],"wp:featuredmedia":[{"embeddable":true,"href":"https:\/\/perlyalkoholi.pl\/index.php\/wp-json\/wp\/v2\/media\/653"}],"wp:attachment":[{"href":"https:\/\/perlyalkoholi.pl\/index.php\/wp-json\/wp\/v2\/media?parent=652"}],"wp:term":[{"taxonomy":"product_brand","embeddable":true,"href":"https:\/\/perlyalkoholi.pl\/index.php\/wp-json\/wp\/v2\/product_brand?post=652"},{"taxonomy":"product_cat","embeddable":true,"href":"https:\/\/perlyalkoholi.pl\/index.php\/wp-json\/wp\/v2\/product_cat?post=652"},{"taxonomy":"product_tag","embeddable":true,"href":"https:\/\/perlyalkoholi.pl\/index.php\/wp-json\/wp\/v2\/product_tag?post=652"}],"curies":[{"name":"wp","href":"https:\/\/api.w.org\/{rel}","templated":true}]}}