{"id":601,"date":"2025-06-02T10:14:21","date_gmt":"2025-06-02T10:14:21","guid":{"rendered":"https:\/\/perlyalkoholi.pl\/?post_type=product&#038;p=601"},"modified":"2025-06-05T13:30:42","modified_gmt":"2025-06-05T13:30:42","slug":"mezzek-chardonnay","status":"publish","type":"product","link":"https:\/\/perlyalkoholi.pl\/index.php\/produkt\/mezzek-chardonnay\/","title":{"rendered":"Mezzek &#8211; Chardonnay"},"content":{"rendered":"<div class=\"page\" title=\"Page 61\">\n<div class=\"section\">\n<div class=\"layoutArea\">\n<div class=\"column\">\n<p>Winem z serii Mezzek winiarze podkres\u0301laja\u0328 charakter ro\u0301z\u0307nych odmian winogron. Najwie\u0328ksza\u0328 zaleta\u0328 winnicy jest moz\u0307liwos\u0301c\u0301 wyboru winogron z ro\u0301z\u0307nych parceli, o ro\u0301z\u0307norodnej charakterystyce gleby czy klimatu. Kaz\u0307da odmiana winogron w naszych winnicach jest sadzona na ro\u0301z\u0307nych podk\u0142adach i klonach.<\/p>\n<p>Dbamy o staranny zbio\u0301r winogron i ich selekcje\u0328, przenosza\u0328c je re\u0328cznie do skrzynek. Przed przetworzeniem, winogrona sa\u0328 sch\u0142adzane w komorze ch\u0142odniczej przez oko\u0142o 20 godzin, w temperaturze 10-12 \u030aC. Naste\u0328pnie winogrona sa\u0328 sortowane, od\u0142uskane, miaz\u0307dz\u0307one, macerowane, sok jest odcedzany, a szklista masa t\u0142oczona. Kolejnym krokiem jest klarowanie soku i fermentacja alkoholowa w temperaturze 15-19 \u030aC, w stalowych zbiornikach.<\/p>\n<p><strong>NOTATKA DEGUSTACYJNA\u00a0<\/strong><\/p>\n<p>Nasycony kolor z zielonym odcieniem. Intensywny aromat dojrza\u0142ych, z\u0307o\u0301\u0142tych owoco\u0301w, cytruso\u0301w i przyjemnych nut de\u0328bu. W smaku soczyste i bogate, z nutami brzoskwini, charakteryzuja\u0328ce sie\u0328 umiarkowana\u0328 s\u0301wiez\u0307os\u0301cia\u0328. Finisz jest mie\u0328kki i d\u0142ugotrwa\u0142y.<\/p>\n<\/div>\n<\/div>\n<\/div>\n<\/div>\n","protected":false},"excerpt":{"rendered":"<p>Winem z serii Mezzek winiarze podkres\u0301laja\u0328 charakter ro\u0301z\u0307nych odmian winogron. Najwie\u0328ksza\u0328 zaleta\u0328 winnicy jest moz\u0307liwos\u0301c\u0301 wyboru winogron z ro\u0301z\u0307nych parceli, o ro\u0301z\u0307norodnej charakterystyce gleby czy klimatu. Kaz\u0307da odmiana winogron w naszych winnicach jest sadzona na ro\u0301z\u0307nych podk\u0142adach i klonach. Dbamy o staranny zbio\u0301r winogron i ich selekcje\u0328, przenosza\u0328c je re\u0328cznie do skrzynek. Przed przetworzeniem, winogrona [&hellip;]<\/p>\n","protected":false},"featured_media":632,"comment_status":"open","ping_status":"closed","template":"","meta":[],"product_brand":[],"product_cat":[26],"product_tag":[39],"class_list":{"0":"post-601","1":"product","2":"type-product","3":"status-publish","4":"has-post-thumbnail","6":"product_cat-wina","7":"product_tag-wino-biale","9":"first","10":"instock","11":"shipping-taxable","12":"purchasable","13":"product-type-variable"},"_links":{"self":[{"href":"https:\/\/perlyalkoholi.pl\/index.php\/wp-json\/wp\/v2\/product\/601","targetHints":{"allow":["GET"]}}],"collection":[{"href":"https:\/\/perlyalkoholi.pl\/index.php\/wp-json\/wp\/v2\/product"}],"about":[{"href":"https:\/\/perlyalkoholi.pl\/index.php\/wp-json\/wp\/v2\/types\/product"}],"replies":[{"embeddable":true,"href":"https:\/\/perlyalkoholi.pl\/index.php\/wp-json\/wp\/v2\/comments?post=601"}],"wp:featuredmedia":[{"embeddable":true,"href":"https:\/\/perlyalkoholi.pl\/index.php\/wp-json\/wp\/v2\/media\/632"}],"wp:attachment":[{"href":"https:\/\/perlyalkoholi.pl\/index.php\/wp-json\/wp\/v2\/media?parent=601"}],"wp:term":[{"taxonomy":"product_brand","embeddable":true,"href":"https:\/\/perlyalkoholi.pl\/index.php\/wp-json\/wp\/v2\/product_brand?post=601"},{"taxonomy":"product_cat","embeddable":true,"href":"https:\/\/perlyalkoholi.pl\/index.php\/wp-json\/wp\/v2\/product_cat?post=601"},{"taxonomy":"product_tag","embeddable":true,"href":"https:\/\/perlyalkoholi.pl\/index.php\/wp-json\/wp\/v2\/product_tag?post=601"}],"curies":[{"name":"wp","href":"https:\/\/api.w.org\/{rel}","templated":true}]}}