{"id":595,"date":"2025-06-02T09:57:19","date_gmt":"2025-06-02T09:57:19","guid":{"rendered":"https:\/\/perlyalkoholi.pl\/?post_type=product&#038;p=595"},"modified":"2025-06-05T13:31:51","modified_gmt":"2025-06-05T13:31:51","slug":"contemplations-sauvignon-blanc","status":"publish","type":"product","link":"https:\/\/perlyalkoholi.pl\/index.php\/produkt\/contemplations-sauvignon-blanc\/","title":{"rendered":"Contemplations &#8211; Sauvignon blanc"},"content":{"rendered":"<div class=\"page\" title=\"Page 58\">\n<div class=\"section\">\n<div class=\"layoutArea\">\n<div class=\"column\">\n<p>Kaz\u0307dy rocznik dostarcza 6 ro\u0301z\u0307nych etykiet, z kto\u0301rych kaz\u0307da opowiada inna\u0328 historie\u0328.<\/p>\n<p>Dbamy o staranny zbio\u0301r winogron i ich selekcje\u0328, przenosza\u0328c je re\u0328cznie do skrzynek. Przed przetworzeniem, winogrona sa\u0328 sch\u0142adzane w komorze ch\u0142odniczej przez oko\u0142o 20 godzin, w temperaturze 10-12 \u030aC. Naste\u0328pnie winogrona sa\u0328 sortowane, od\u0142uskane, miaz\u0307dz\u0307one, macerowane, sok jest odcedzany, a szklista masa t\u0142oczona. Kolejnym krokiem jest klarowanie soku i fermentacja alkoholowa w temperaturze 14-18 \u030aC, w stalowych zbiornikach. Wino \u2013 zanim trafi do Pan\u0301stwa ra\u0328k \u2013 dojrzewa w butelkach przez 3 miesia\u0328ce.<\/p>\n<p><strong>NOTATKA DEGUSTACYJNA\u00a0<\/strong><\/p>\n<p>Przyjemna z\u0307o\u0301\u0142to-zielona barwa juz\u0307 na pierwszy rzut oka kojarzy sie\u0328 z winem. Wyraz\u0301ny aromat podsyca urok wina, przeplataja\u0328c zielona\u0328 papryke\u0328, zapachy zio\u0142owe i cytrusowe, uzupe\u0142nione nuta\u0328 zielonej brzoskwini. Mie\u0328kki i przyjemny smak podkres\u0301la ostatnie akcenty wype\u0142nione obje\u0328tos\u0301cia\u0328, niezapomniana\u0328 s\u0301wiez\u0307os\u0301cia\u0328 i d\u0142ugos\u0301cia\u0328 trwania, co uzupe\u0142nia wspania\u0142e Sauvignon Blanc.<\/p>\n<\/div>\n<\/div>\n<\/div>\n<\/div>\n","protected":false},"excerpt":{"rendered":"<p>Kaz\u0307dy rocznik dostarcza 6 ro\u0301z\u0307nych etykiet, z kto\u0301rych kaz\u0307da opowiada inna\u0328 historie\u0328. Dbamy o staranny zbio\u0301r winogron i ich selekcje\u0328, przenosza\u0328c je re\u0328cznie do skrzynek. Przed przetworzeniem, winogrona sa\u0328 sch\u0142adzane w komorze ch\u0142odniczej przez oko\u0142o 20 godzin, w temperaturze 10-12 \u030aC. Naste\u0328pnie winogrona sa\u0328 sortowane, od\u0142uskane, miaz\u0307dz\u0307one, macerowane, sok jest odcedzany, a szklista masa t\u0142oczona. [&hellip;]<\/p>\n","protected":false},"featured_media":634,"comment_status":"open","ping_status":"closed","template":"","meta":[],"product_brand":[],"product_cat":[26],"product_tag":[39],"class_list":{"0":"post-595","1":"product","2":"type-product","3":"status-publish","4":"has-post-thumbnail","6":"product_cat-wina","7":"product_tag-wino-biale","9":"first","10":"instock","11":"shipping-taxable","12":"purchasable","13":"product-type-variable"},"_links":{"self":[{"href":"https:\/\/perlyalkoholi.pl\/index.php\/wp-json\/wp\/v2\/product\/595","targetHints":{"allow":["GET"]}}],"collection":[{"href":"https:\/\/perlyalkoholi.pl\/index.php\/wp-json\/wp\/v2\/product"}],"about":[{"href":"https:\/\/perlyalkoholi.pl\/index.php\/wp-json\/wp\/v2\/types\/product"}],"replies":[{"embeddable":true,"href":"https:\/\/perlyalkoholi.pl\/index.php\/wp-json\/wp\/v2\/comments?post=595"}],"wp:featuredmedia":[{"embeddable":true,"href":"https:\/\/perlyalkoholi.pl\/index.php\/wp-json\/wp\/v2\/media\/634"}],"wp:attachment":[{"href":"https:\/\/perlyalkoholi.pl\/index.php\/wp-json\/wp\/v2\/media?parent=595"}],"wp:term":[{"taxonomy":"product_brand","embeddable":true,"href":"https:\/\/perlyalkoholi.pl\/index.php\/wp-json\/wp\/v2\/product_brand?post=595"},{"taxonomy":"product_cat","embeddable":true,"href":"https:\/\/perlyalkoholi.pl\/index.php\/wp-json\/wp\/v2\/product_cat?post=595"},{"taxonomy":"product_tag","embeddable":true,"href":"https:\/\/perlyalkoholi.pl\/index.php\/wp-json\/wp\/v2\/product_tag?post=595"}],"curies":[{"name":"wp","href":"https:\/\/api.w.org\/{rel}","templated":true}]}}