{"id":573,"date":"2025-06-02T09:13:54","date_gmt":"2025-06-02T09:13:54","guid":{"rendered":"https:\/\/perlyalkoholi.pl\/?post_type=product&#038;p=573"},"modified":"2025-06-05T13:33:12","modified_gmt":"2025-06-05T13:33:12","slug":"contemplations-malbec-carmenere","status":"publish","type":"product","link":"https:\/\/perlyalkoholi.pl\/index.php\/produkt\/contemplations-malbec-carmenere\/","title":{"rendered":"Contemplations &#8211; Malbec &#038; Carmenere"},"content":{"rendered":"<div class=\"page\" title=\"Page 46\">\n<div class=\"section\">\n<div class=\"layoutArea\">\n<div class=\"column\">\n<p>Kaz\u0307dy rocznik dostarcza 6 ro\u0301z\u0307nych etykiet, z kto\u0301rych kaz\u0307da opowiada inna\u0328 historie\u0328.<\/p>\n<p>Dbamy o staranny zbio\u0301r winogron i ich selekcje\u0328, przenosza\u0328c je re\u0328cznie do skrzynek. Przed przetworzeniem, winogrona sa\u0328 sch\u0142adzane w komorze ch\u0142odniczej przez oko\u0142o 20 godzin, w temperaturze 10-12 \u030aC. Naste\u0328pnie winogrona sa\u0328 sortowane, od\u0142uskane i miaz\u0307dz\u0307one. Zmiaz\u0307dz\u0307one winogrona maceruja\u0328 przez kilka godzin, po czym sa\u0328 odcedzane i t\u0142oczone. Kolejnym krokiem jest klarowanie soku i fermentacja alkoholowa w temperaturze 15-19 \u030aC.<\/p>\n<p><strong>NOTATKA DEGUSTACYJNA<\/strong><\/p>\n<p>Bardzo jasny, fascynuja\u0328cy ro\u0301z\u0307 w odcieniu cebuli. Delikatny, z\u0142oz\u0307ony aromat \u0142a\u0328cza\u0328cy nuty grejpfruta, mchu z zielonej brzoskwini i mieszanki aromato\u0301w cytruso\u0301w. Elegancki i zro\u0301wnowaz\u0307ony smak, spleciony z mie\u0328kkos\u0301cia\u0328, lekkos\u0301cia\u0328, s\u0301wiez\u0307os\u0301cia\u0328 i intensywnos\u0301cia\u0328.<\/p>\n<\/div>\n<\/div>\n<\/div>\n<\/div>\n","protected":false},"excerpt":{"rendered":"<p>Kaz\u0307dy rocznik dostarcza 6 ro\u0301z\u0307nych etykiet, z kto\u0301rych kaz\u0307da opowiada inna\u0328 historie\u0328. Dbamy o staranny zbio\u0301r winogron i ich selekcje\u0328, przenosza\u0328c je re\u0328cznie do skrzynek. Przed przetworzeniem, winogrona sa\u0328 sch\u0142adzane w komorze ch\u0142odniczej przez oko\u0142o 20 godzin, w temperaturze 10-12 \u030aC. Naste\u0328pnie winogrona sa\u0328 sortowane, od\u0142uskane i miaz\u0307dz\u0307one. Zmiaz\u0307dz\u0307one winogrona maceruja\u0328 przez kilka godzin, po [&hellip;]<\/p>\n","protected":false},"featured_media":637,"comment_status":"open","ping_status":"closed","template":"","meta":[],"product_brand":[],"product_cat":[26],"product_tag":[40],"class_list":{"0":"post-573","1":"product","2":"type-product","3":"status-publish","4":"has-post-thumbnail","6":"product_cat-wina","7":"product_tag-wino-rozowe","9":"first","10":"instock","11":"shipping-taxable","12":"purchasable","13":"product-type-variable"},"_links":{"self":[{"href":"https:\/\/perlyalkoholi.pl\/index.php\/wp-json\/wp\/v2\/product\/573","targetHints":{"allow":["GET"]}}],"collection":[{"href":"https:\/\/perlyalkoholi.pl\/index.php\/wp-json\/wp\/v2\/product"}],"about":[{"href":"https:\/\/perlyalkoholi.pl\/index.php\/wp-json\/wp\/v2\/types\/product"}],"replies":[{"embeddable":true,"href":"https:\/\/perlyalkoholi.pl\/index.php\/wp-json\/wp\/v2\/comments?post=573"}],"wp:featuredmedia":[{"embeddable":true,"href":"https:\/\/perlyalkoholi.pl\/index.php\/wp-json\/wp\/v2\/media\/637"}],"wp:attachment":[{"href":"https:\/\/perlyalkoholi.pl\/index.php\/wp-json\/wp\/v2\/media?parent=573"}],"wp:term":[{"taxonomy":"product_brand","embeddable":true,"href":"https:\/\/perlyalkoholi.pl\/index.php\/wp-json\/wp\/v2\/product_brand?post=573"},{"taxonomy":"product_cat","embeddable":true,"href":"https:\/\/perlyalkoholi.pl\/index.php\/wp-json\/wp\/v2\/product_cat?post=573"},{"taxonomy":"product_tag","embeddable":true,"href":"https:\/\/perlyalkoholi.pl\/index.php\/wp-json\/wp\/v2\/product_tag?post=573"}],"curies":[{"name":"wp","href":"https:\/\/api.w.org\/{rel}","templated":true}]}}