{"id":565,"date":"2025-06-02T09:02:34","date_gmt":"2025-06-02T09:02:34","guid":{"rendered":"https:\/\/perlyalkoholi.pl\/?post_type=product&#038;p=565"},"modified":"2025-06-04T13:30:59","modified_gmt":"2025-06-04T13:30:59","slug":"cheval-de-katarzyna-rubin","status":"publish","type":"product","link":"https:\/\/perlyalkoholi.pl\/index.php\/produkt\/cheval-de-katarzyna-rubin\/","title":{"rendered":"Cheval de Katarzyna &#8211; Rubin"},"content":{"rendered":"<div class=\"page\" title=\"Page 41\">\n<div class=\"section\">\n<div class=\"layoutArea\">\n<div class=\"column\">\n<p>Kaz\u0307de z win z serii Cheval de Katarzyna produkowane jest z jednego szczepu winogron i podkres\u0301la charakter owoco\u0301w z naszego terroir. Podczas ich tworzenia g\u0142o\u0301wny nacisk k\u0142adziemy na jakos\u0301c\u0301 winogron, bez wprowadzania z\u0307adnych modyfikacji. W smaku dostrzec moz\u0307na wp\u0142yw kamieni, minera\u0142o\u0301w, soli (zwia\u0328zanych z gleba\u0328 i klimatem) oraz specyficzne aromaty dojrza\u0142ych owoco\u0301w i przypraw.<\/p>\n<p>Dbamy o staranny zbio\u0301r winogron i ich selekcje\u0328, przenosza\u0328c je re\u0328cznie do skrzynek. Przed przetworzeniem, winogrona sa\u0328 sch\u0142adzane w komorze ch\u0142odniczej przez oko\u0142o 20 godzin, w temperaturze 10-12 \u030aC. Naste\u0328pnie winogrona sa\u0328 sortowane, od\u0142uskane i miaz\u0307dz\u0307one. Fermentacja alkoholowa odbywa sie\u0328 w stalowych zbiornikach o pojemnos\u0301ci 100 i 150 hl. Na czas fermentacji malolaktycznej wino jest przenoszone do francuskich beczek de\u0328bowych o pojemnos\u0301ci 225 l, a naste\u0328pnie 35% mieszanki lez\u0307akuje w beczkach de\u0328bowych przez 6 miesie\u0328cy.<\/p>\n<p><strong>NOTATKA DEGUSTACYJNA<\/strong><\/p>\n<p>Intensywny kolor purpurowy z fioletowymi refleksami. Wyrazisty aromat, w kto\u0301rym przeplataja\u0328 sie\u0328 przyprawy, dojrza\u0142e czerwone owoce i les\u0301ne jagody, w harmonii z eleganckim francuskim de\u0328bem. W pe\u0142ni rozwinie\u0328te, mie\u0328kkie odczucie w ustach. D\u0142ugi i niezapomniany posmak.<\/p>\n<\/div>\n<\/div>\n<\/div>\n<\/div>\n","protected":false},"excerpt":{"rendered":"<p>Kaz\u0307de z win z serii Cheval de Katarzyna produkowane jest z jednego szczepu winogron i podkres\u0301la charakter owoco\u0301w z naszego terroir. Podczas ich tworzenia g\u0142o\u0301wny nacisk k\u0142adziemy na jakos\u0301c\u0301 winogron, bez wprowadzania z\u0307adnych modyfikacji. W smaku dostrzec moz\u0307na wp\u0142yw kamieni, minera\u0142o\u0301w, soli (zwia\u0328zanych z gleba\u0328 i klimatem) oraz specyficzne aromaty dojrza\u0142ych owoco\u0301w i przypraw. Dbamy [&hellip;]<\/p>\n","protected":false},"featured_media":640,"comment_status":"open","ping_status":"closed","template":"","meta":[],"product_brand":[],"product_cat":[26],"product_tag":[41],"class_list":{"0":"post-565","1":"product","2":"type-product","3":"status-publish","4":"has-post-thumbnail","6":"product_cat-wina","7":"product_tag-wino-czerwone","9":"first","10":"instock","11":"shipping-taxable","12":"purchasable","13":"product-type-simple"},"_links":{"self":[{"href":"https:\/\/perlyalkoholi.pl\/index.php\/wp-json\/wp\/v2\/product\/565","targetHints":{"allow":["GET"]}}],"collection":[{"href":"https:\/\/perlyalkoholi.pl\/index.php\/wp-json\/wp\/v2\/product"}],"about":[{"href":"https:\/\/perlyalkoholi.pl\/index.php\/wp-json\/wp\/v2\/types\/product"}],"replies":[{"embeddable":true,"href":"https:\/\/perlyalkoholi.pl\/index.php\/wp-json\/wp\/v2\/comments?post=565"}],"wp:featuredmedia":[{"embeddable":true,"href":"https:\/\/perlyalkoholi.pl\/index.php\/wp-json\/wp\/v2\/media\/640"}],"wp:attachment":[{"href":"https:\/\/perlyalkoholi.pl\/index.php\/wp-json\/wp\/v2\/media?parent=565"}],"wp:term":[{"taxonomy":"product_brand","embeddable":true,"href":"https:\/\/perlyalkoholi.pl\/index.php\/wp-json\/wp\/v2\/product_brand?post=565"},{"taxonomy":"product_cat","embeddable":true,"href":"https:\/\/perlyalkoholi.pl\/index.php\/wp-json\/wp\/v2\/product_cat?post=565"},{"taxonomy":"product_tag","embeddable":true,"href":"https:\/\/perlyalkoholi.pl\/index.php\/wp-json\/wp\/v2\/product_tag?post=565"}],"curies":[{"name":"wp","href":"https:\/\/api.w.org\/{rel}","templated":true}]}}