{"id":542,"date":"2025-06-02T08:33:45","date_gmt":"2025-06-02T08:33:45","guid":{"rendered":"https:\/\/perlyalkoholi.pl\/?post_type=product&#038;p=542"},"modified":"2025-06-04T13:30:59","modified_gmt":"2025-06-04T13:30:59","slug":"contemplations-merlot-malbec","status":"publish","type":"product","link":"https:\/\/perlyalkoholi.pl\/index.php\/produkt\/contemplations-merlot-malbec\/","title":{"rendered":"Contemplations &#8211; Merlot &#038; Malbec"},"content":{"rendered":"<div class=\"page\" title=\"Page 31\">\n<div class=\"section\">\n<div class=\"layoutArea\">\n<div class=\"column\">\n<p>Kaz\u0307dy rocznik dostarcza 6 ro\u0301z\u0307nych etykiet, z kto\u0301rych kaz\u0307da opowiada inna\u0328 historie\u0328.<\/p>\n<p>Dbamy o staranny zbio\u0301r winogron i ich selekcje\u0328, przenosza\u0328c je re\u0328cznie do skrzynek. Przed przetworzeniem, winogrona sa\u0328 sch\u0142adzane w komorze ch\u0142odniczej przez oko\u0142o 20 godzin, w temperaturze 10-12 \u030aC. Naste\u0328pnie winogrona sa\u0328 sortowane, od\u0142uskane i t\u0142oczone. Dla 30% partii fermentacja odbywa sie\u0328 w beczkach de\u0328bowych o pojemnos\u0301ci 400 litro\u0301w. Dla pozosta\u0142ych 70% fermentacja alkoholowa przebiega w zbiornikach ze stali nierdzewnej o pojemnos\u0301ci 100 i 150 hl. Fermentacja malolaktyczna odbywa sie\u0328 w beczkach de\u0328bowych o pojemnos\u0301ci 225 litro\u0301w. Ca\u0142a mieszanka dojrzewa w beczkach de\u0328bowych francuskich przez 10 miesie\u0328cy.<\/p>\n<p><strong>NOTATKA DEGUSTACYJNA<\/strong><\/p>\n<p>Intensywny kolor czerwony z fioletowymi niuansami. Harmonijny i skoncentrowany aromat, w kto\u0301rym przeplataja\u0328 sie\u0328 dojrza\u0142e owoce czerwone, czarna porzeczka i wanilia. Bogaty smak wina, po\u0142a\u0328czony z elegancja\u0328 i ro\u0301wnowaga\u0328, zmierza do wyraz\u0301nego aromatu i d\u0142ugiego posmaku.<\/p>\n<\/div>\n<\/div>\n<\/div>\n<\/div>\n","protected":false},"excerpt":{"rendered":"<p>Kaz\u0307dy rocznik dostarcza 6 ro\u0301z\u0307nych etykiet, z kto\u0301rych kaz\u0307da opowiada inna\u0328 historie\u0328. Dbamy o staranny zbio\u0301r winogron i ich selekcje\u0328, przenosza\u0328c je re\u0328cznie do skrzynek. Przed przetworzeniem, winogrona sa\u0328 sch\u0142adzane w komorze ch\u0142odniczej przez oko\u0142o 20 godzin, w temperaturze 10-12 \u030aC. Naste\u0328pnie winogrona sa\u0328 sortowane, od\u0142uskane i t\u0142oczone. Dla 30% partii fermentacja odbywa sie\u0328 w [&hellip;]<\/p>\n","protected":false},"featured_media":646,"comment_status":"open","ping_status":"closed","template":"","meta":[],"product_brand":[],"product_cat":[26],"product_tag":[41],"class_list":{"0":"post-542","1":"product","2":"type-product","3":"status-publish","4":"has-post-thumbnail","6":"product_cat-wina","7":"product_tag-wino-czerwone","9":"first","10":"instock","11":"shipping-taxable","12":"purchasable","13":"product-type-simple"},"_links":{"self":[{"href":"https:\/\/perlyalkoholi.pl\/index.php\/wp-json\/wp\/v2\/product\/542","targetHints":{"allow":["GET"]}}],"collection":[{"href":"https:\/\/perlyalkoholi.pl\/index.php\/wp-json\/wp\/v2\/product"}],"about":[{"href":"https:\/\/perlyalkoholi.pl\/index.php\/wp-json\/wp\/v2\/types\/product"}],"replies":[{"embeddable":true,"href":"https:\/\/perlyalkoholi.pl\/index.php\/wp-json\/wp\/v2\/comments?post=542"}],"wp:featuredmedia":[{"embeddable":true,"href":"https:\/\/perlyalkoholi.pl\/index.php\/wp-json\/wp\/v2\/media\/646"}],"wp:attachment":[{"href":"https:\/\/perlyalkoholi.pl\/index.php\/wp-json\/wp\/v2\/media?parent=542"}],"wp:term":[{"taxonomy":"product_brand","embeddable":true,"href":"https:\/\/perlyalkoholi.pl\/index.php\/wp-json\/wp\/v2\/product_brand?post=542"},{"taxonomy":"product_cat","embeddable":true,"href":"https:\/\/perlyalkoholi.pl\/index.php\/wp-json\/wp\/v2\/product_cat?post=542"},{"taxonomy":"product_tag","embeddable":true,"href":"https:\/\/perlyalkoholi.pl\/index.php\/wp-json\/wp\/v2\/product_tag?post=542"}],"curies":[{"name":"wp","href":"https:\/\/api.w.org\/{rel}","templated":true}]}}