{"id":505,"date":"2025-06-02T07:46:26","date_gmt":"2025-06-02T07:46:26","guid":{"rendered":"https:\/\/perlyalkoholi.pl\/?post_type=product&#038;p=505"},"modified":"2025-06-04T13:30:59","modified_gmt":"2025-06-04T13:30:59","slug":"question-mark-cabernet-sauvignon-merlot","status":"publish","type":"product","link":"https:\/\/perlyalkoholi.pl\/index.php\/produkt\/question-mark-cabernet-sauvignon-merlot\/","title":{"rendered":"Question mark &#8211; Cabernet sauvignon &#038; merlot"},"content":{"rendered":"<div class=\"page\" title=\"Page 15\">\n<div class=\"section\">\n<div class=\"layoutArea\">\n<div class=\"column\">\n<p>Nasza winnica posiada dwie dzia\u0142ki z odmianami Cabernet Sauvignon i Merlot, z glebami charakterystycznymi dla regionu \u2013 cynamonowym lasem, na wysokos\u0301ci 120\/130 m. Od pierwszego zbioru dzia\u0142ki te prezentuja\u0328 charakter i cechy typowe dla jednego z najbardziej klasycznych win w naszym asortymencie \u2013 <strong>Question Mark.<\/strong><\/p>\n<p>Dbamy o staranny zbio\u0301r winogron i ich selekcje\u0328, przenosza\u0328c je re\u0328cznie do skrzynek. Przed przetworzeniem, winogrona sa\u0328 sch\u0142adzane w komorze ch\u0142odniczej przez oko\u0142o 20 godzin, w temperaturze 10-12 \u030aC. Naste\u0328pnie winogrona sa\u0328 sortowane, od\u0142awiane i miaz\u0307dz\u0307one. Dla 70% partii fermentacja odbywa sie\u0328 we francuskich beczkach de\u0328bowych o pojemnos\u0301ci 400l. Dla pozosta\u0142ych 30% fermentacja alkoholowa odbywa sie\u0328 w zbiornikach ze stali nierdzewnej o pojemnos\u0301ci 100 i 150hL. Na czas fermentacji malolaktycznej wino jest przenoszone do francuskich beczek de\u0328bowych o pojemnos\u0301ci 225l. 100% mieszanki dojrzewa we francuskich beczkach de\u0328bowych przez 9-10 miesie\u0328cy.<\/p>\n<p><strong>NOTATKA DEGUSTACYNA<\/strong><\/p>\n<p>Intensywny, nasycony czerwony kolor z delikatnym fioletowym odcieniem. Aromat to eksplozja przypraw, dymu, czerwonych dojrza\u0142ych owoco\u0301w i dobrze zintegrowanego de\u0328bu. Wino jest porywaja\u0328ce, pe\u0142ne, o aksamitnej strukturze, z nutami wanilii, czekolady i dojrza\u0142ych boro\u0301wek. D\u0142ugi i elegancki posmak podkres\u0301la wysoki poziom tego niezapomnianego wina.<\/p>\n<\/div>\n<\/div>\n<\/div>\n<\/div>\n","protected":false},"excerpt":{"rendered":"<p>Nasza winnica posiada dwie dzia\u0142ki z odmianami Cabernet Sauvignon i Merlot, z glebami charakterystycznymi dla regionu \u2013 cynamonowym lasem, na wysokos\u0301ci 120\/130 m. Od pierwszego zbioru dzia\u0142ki te prezentuja\u0328 charakter i cechy typowe dla jednego z najbardziej klasycznych win w naszym asortymencie \u2013 Question Mark. Dbamy o staranny zbio\u0301r winogron i ich selekcje\u0328, przenosza\u0328c je [&hellip;]<\/p>\n","protected":false},"featured_media":647,"comment_status":"open","ping_status":"closed","template":"","meta":[],"product_brand":[],"product_cat":[26],"product_tag":[41],"class_list":{"0":"post-505","1":"product","2":"type-product","3":"status-publish","4":"has-post-thumbnail","6":"product_cat-wina","7":"product_tag-wino-czerwone","9":"first","10":"instock","11":"shipping-taxable","12":"purchasable","13":"product-type-simple"},"_links":{"self":[{"href":"https:\/\/perlyalkoholi.pl\/index.php\/wp-json\/wp\/v2\/product\/505","targetHints":{"allow":["GET"]}}],"collection":[{"href":"https:\/\/perlyalkoholi.pl\/index.php\/wp-json\/wp\/v2\/product"}],"about":[{"href":"https:\/\/perlyalkoholi.pl\/index.php\/wp-json\/wp\/v2\/types\/product"}],"replies":[{"embeddable":true,"href":"https:\/\/perlyalkoholi.pl\/index.php\/wp-json\/wp\/v2\/comments?post=505"}],"wp:featuredmedia":[{"embeddable":true,"href":"https:\/\/perlyalkoholi.pl\/index.php\/wp-json\/wp\/v2\/media\/647"}],"wp:attachment":[{"href":"https:\/\/perlyalkoholi.pl\/index.php\/wp-json\/wp\/v2\/media?parent=505"}],"wp:term":[{"taxonomy":"product_brand","embeddable":true,"href":"https:\/\/perlyalkoholi.pl\/index.php\/wp-json\/wp\/v2\/product_brand?post=505"},{"taxonomy":"product_cat","embeddable":true,"href":"https:\/\/perlyalkoholi.pl\/index.php\/wp-json\/wp\/v2\/product_cat?post=505"},{"taxonomy":"product_tag","embeddable":true,"href":"https:\/\/perlyalkoholi.pl\/index.php\/wp-json\/wp\/v2\/product_tag?post=505"}],"curies":[{"name":"wp","href":"https:\/\/api.w.org\/{rel}","templated":true}]}}