{"id":489,"date":"2024-09-10T12:22:14","date_gmt":"2024-09-10T12:22:14","guid":{"rendered":"https:\/\/perlyalkoholi.pl\/?post_type=product&#038;p=489"},"modified":"2025-06-04T13:30:59","modified_gmt":"2025-06-04T13:30:59","slug":"papale-linea-oro-primitivo-di-manduria-dop-confezione-da-6-bottiglie-da-075-l","status":"publish","type":"product","link":"https:\/\/perlyalkoholi.pl\/index.php\/produkt\/papale-linea-oro-primitivo-di-manduria-dop-confezione-da-6-bottiglie-da-075-l\/","title":{"rendered":"Papale Linea Oro Primitivo di Manduria DOP &#8211; Confezione da 6 bottiglie da 0,75 L"},"content":{"rendered":"<p>winogron Primitivo, uprawianych w sercu regionu DOP. Wino o intensywnie czerwonej barwie, z mi\u0119kkim i okr\u0105g\u0142ym smakiem, przypominaj\u0105cym d\u017cem i owoce le\u015bne. Charakteryzuje si\u0119 wa\u017cn\u0105 struktur\u0105, kt\u00f3ra \u015bwietnie odzwierciedla region, jednocze\u015bnie zachowuj\u0105c elegancj\u0119. Idealnie komponuje si\u0119 z czerwonym mi\u0119sem i dziczyzn\u0105.<\/p>\n<p><strong>Zawarto\u015b\u0107 alkoholu:<\/strong> 14,5% vol.<\/p>\n<p><strong>Produkcja:<\/strong> Winifikacja z maceracj\u0105 w kontrolowanej temperaturze 26\u00b0-28\u00b0C. Po fermentacji malolaktycznej dojrzewanie przez co najmniej 10 miesi\u0119cy w francuskich beczkach i ameryka\u0144skich barrique.<\/p>\n<p><strong>Kolor:<\/strong> Intensywna czerwie\u0144.<\/p>\n<p><strong>Aromat:<\/strong> Bukiet d\u017cemu i owoc\u00f3w le\u015bnych.<\/p>\n<p><strong>Smak:<\/strong> Mi\u0119kki i okr\u0105g\u0142y.<\/p>\n<p><strong>Format:<\/strong> 0,75 L (6 butelek).<\/p>\n","protected":false},"excerpt":{"rendered":"<p>winogron Primitivo, uprawianych w sercu regionu DOP. Wino o intensywnie czerwonej barwie, z mi\u0119kkim i okr\u0105g\u0142ym smakiem, przypominaj\u0105cym d\u017cem i owoce le\u015bne. Charakteryzuje si\u0119 wa\u017cn\u0105 struktur\u0105, kt\u00f3ra \u015bwietnie odzwierciedla region, jednocze\u015bnie zachowuj\u0105c elegancj\u0119. Idealnie komponuje si\u0119 z czerwonym mi\u0119sem i dziczyzn\u0105. Zawarto\u015b\u0107 alkoholu: 14,5% vol. Produkcja: Winifikacja z maceracj\u0105 w kontrolowanej temperaturze 26\u00b0-28\u00b0C. Po fermentacji [&hellip;]<\/p>\n","protected":false},"featured_media":490,"comment_status":"open","ping_status":"closed","template":"","meta":[],"product_brand":[],"product_cat":[26],"product_tag":[],"class_list":{"0":"post-489","1":"product","2":"type-product","3":"status-publish","4":"has-post-thumbnail","6":"product_cat-wina","8":"first","9":"instock","10":"shipping-taxable","11":"purchasable","12":"product-type-simple"},"_links":{"self":[{"href":"https:\/\/perlyalkoholi.pl\/index.php\/wp-json\/wp\/v2\/product\/489","targetHints":{"allow":["GET"]}}],"collection":[{"href":"https:\/\/perlyalkoholi.pl\/index.php\/wp-json\/wp\/v2\/product"}],"about":[{"href":"https:\/\/perlyalkoholi.pl\/index.php\/wp-json\/wp\/v2\/types\/product"}],"replies":[{"embeddable":true,"href":"https:\/\/perlyalkoholi.pl\/index.php\/wp-json\/wp\/v2\/comments?post=489"}],"wp:featuredmedia":[{"embeddable":true,"href":"https:\/\/perlyalkoholi.pl\/index.php\/wp-json\/wp\/v2\/media\/490"}],"wp:attachment":[{"href":"https:\/\/perlyalkoholi.pl\/index.php\/wp-json\/wp\/v2\/media?parent=489"}],"wp:term":[{"taxonomy":"product_brand","embeddable":true,"href":"https:\/\/perlyalkoholi.pl\/index.php\/wp-json\/wp\/v2\/product_brand?post=489"},{"taxonomy":"product_cat","embeddable":true,"href":"https:\/\/perlyalkoholi.pl\/index.php\/wp-json\/wp\/v2\/product_cat?post=489"},{"taxonomy":"product_tag","embeddable":true,"href":"https:\/\/perlyalkoholi.pl\/index.php\/wp-json\/wp\/v2\/product_tag?post=489"}],"curies":[{"name":"wp","href":"https:\/\/api.w.org\/{rel}","templated":true}]}}