{"id":485,"date":"2024-09-10T12:14:50","date_gmt":"2024-09-10T12:14:50","guid":{"rendered":"https:\/\/perlyalkoholi.pl\/?post_type=product&#038;p=485"},"modified":"2025-06-04T13:30:59","modified_gmt":"2025-06-04T13:30:59","slug":"papale-primitivo-di-manduria-dop-cassetta-in-legno-per-bottiglia-3-l","status":"publish","type":"product","link":"https:\/\/perlyalkoholi.pl\/index.php\/produkt\/papale-primitivo-di-manduria-dop-cassetta-in-legno-per-bottiglia-3-l\/","title":{"rendered":"Papale Primitivo di Manduria DOP &#8211; Cassetta in legno per bottiglia 3 L"},"content":{"rendered":"<p><strong>Papale Primitivo di Manduria DOP &#8211; Drewniana skrzynka na butelk\u0119 3 L<\/strong><\/p>\n<ul>\n<li><strong>Zawarto\u015b\u0107 alkoholu:<\/strong> 14% vol.<\/li>\n<li><strong>Produkcja:<\/strong> Winifikacja z maceracj\u0105 w kontrolowanej temperaturze (26\u00b0-28\u00b0C). Po fermentacji malolaktycznej dojrzewanie w francuskich beczkach tonneau przez co najmniej 8 miesi\u0119cy.<\/li>\n<li><strong>Kolor:<\/strong> Intensywna czerwie\u0144 z fioletowymi refleksami.<\/li>\n<li><strong>Aromat:<\/strong> Bardzo intensywne zapachy przypominaj\u0105ce d\u017cem z owoc\u00f3w, czarn\u0105 porzeczk\u0119, je\u017cyn\u0119, wi\u015bni\u0119, kakao i lukrecj\u0119.<\/li>\n<li><strong>Smak:<\/strong> Wino okr\u0105g\u0142e, mi\u0119kkie, z d\u0142ugim, aromatycznym finiszem.<\/li>\n<li><strong>Format:<\/strong> 3 litry (w drewnianej skrzynce).<\/li>\n<\/ul>\n<p>To wino jest idealne dla mi\u0142o\u015bnik\u00f3w bogatych i z\u0142o\u017conych win.<\/p>\n","protected":false},"excerpt":{"rendered":"<p>Papale Primitivo di Manduria DOP &#8211; Drewniana skrzynka na butelk\u0119 3 L Zawarto\u015b\u0107 alkoholu: 14% vol. Produkcja: Winifikacja z maceracj\u0105 w kontrolowanej temperaturze (26\u00b0-28\u00b0C). Po fermentacji malolaktycznej dojrzewanie w francuskich beczkach tonneau przez co najmniej 8 miesi\u0119cy. Kolor: Intensywna czerwie\u0144 z fioletowymi refleksami. Aromat: Bardzo intensywne zapachy przypominaj\u0105ce d\u017cem z owoc\u00f3w, czarn\u0105 porzeczk\u0119, je\u017cyn\u0119, wi\u015bni\u0119, [&hellip;]<\/p>\n","protected":false},"featured_media":486,"comment_status":"open","ping_status":"closed","template":"","meta":[],"product_brand":[],"product_cat":[26],"product_tag":[],"class_list":{"0":"post-485","1":"product","2":"type-product","3":"status-publish","4":"has-post-thumbnail","6":"product_cat-wina","8":"first","9":"instock","10":"shipping-taxable","11":"purchasable","12":"product-type-simple"},"_links":{"self":[{"href":"https:\/\/perlyalkoholi.pl\/index.php\/wp-json\/wp\/v2\/product\/485","targetHints":{"allow":["GET"]}}],"collection":[{"href":"https:\/\/perlyalkoholi.pl\/index.php\/wp-json\/wp\/v2\/product"}],"about":[{"href":"https:\/\/perlyalkoholi.pl\/index.php\/wp-json\/wp\/v2\/types\/product"}],"replies":[{"embeddable":true,"href":"https:\/\/perlyalkoholi.pl\/index.php\/wp-json\/wp\/v2\/comments?post=485"}],"wp:featuredmedia":[{"embeddable":true,"href":"https:\/\/perlyalkoholi.pl\/index.php\/wp-json\/wp\/v2\/media\/486"}],"wp:attachment":[{"href":"https:\/\/perlyalkoholi.pl\/index.php\/wp-json\/wp\/v2\/media?parent=485"}],"wp:term":[{"taxonomy":"product_brand","embeddable":true,"href":"https:\/\/perlyalkoholi.pl\/index.php\/wp-json\/wp\/v2\/product_brand?post=485"},{"taxonomy":"product_cat","embeddable":true,"href":"https:\/\/perlyalkoholi.pl\/index.php\/wp-json\/wp\/v2\/product_cat?post=485"},{"taxonomy":"product_tag","embeddable":true,"href":"https:\/\/perlyalkoholi.pl\/index.php\/wp-json\/wp\/v2\/product_tag?post=485"}],"curies":[{"name":"wp","href":"https:\/\/api.w.org\/{rel}","templated":true}]}}