{"id":483,"date":"2024-09-10T12:00:32","date_gmt":"2024-09-10T12:00:32","guid":{"rendered":"https:\/\/perlyalkoholi.pl\/?post_type=product&#038;p=483"},"modified":"2025-06-04T13:30:59","modified_gmt":"2025-06-04T13:30:59","slug":"varvaglione-primadonna-chardonnay-puglia","status":"publish","type":"product","link":"https:\/\/perlyalkoholi.pl\/index.php\/produkt\/varvaglione-primadonna-chardonnay-puglia\/","title":{"rendered":"Varvaglione &#8211; Primadonna Chardonnay Puglia"},"content":{"rendered":"<p><strong>Varvaglione &#8211; Primadonna Chardonnay Puglia<\/strong> to wytrawne bia\u0142e wino pochodz\u0105ce z W\u0142och, produkowane z winogron szczepu Chardonnay. Proces winifikacji obejmuje delikatne t\u0142oczenie owoc\u00f3w oraz fermentacj\u0119 w kontrolowanej temperaturze 16\u00b0-18\u00b0C. Nast\u0119pnie wino dojrzewa przez 6 miesi\u0119cy w d\u0119bowych beczkach, le\u017cakuj\u0105c na drobnym osadzie, co jest wspomagane okresowym battona\u017cem (mieszaniem osadu).<\/p>\n<p>Wino charakteryzuje si\u0119 pe\u0142nym i bogatym smakiem, z intensywnymi aromatami egzotycznych owoc\u00f3w, takich jak ananas, banan, jab\u0142ko i morela. W ustach prezentuje harmonijn\u0105 struktur\u0119 z dobrze zbalansowan\u0105 kwasowo\u015bci\u0105, co nadaje mu \u015bwie\u017co\u015b\u0107 i elegancj\u0119. Finisz jest d\u0142ugi i przyjemny.<\/p>\n<p>Primadonna Chardonnay doskonale komponuje si\u0119 z daniami z ryb oraz owoc\u00f3w morza, stanowi\u0105c idealny wyb\u00f3r na lekkie, letnie posi\u0142ki.<\/p>\n","protected":false},"excerpt":{"rendered":"<p>Varvaglione &#8211; Primadonna Chardonnay Puglia to wytrawne bia\u0142e wino pochodz\u0105ce z W\u0142och, produkowane z winogron szczepu Chardonnay. Proces winifikacji obejmuje delikatne t\u0142oczenie owoc\u00f3w oraz fermentacj\u0119 w kontrolowanej temperaturze 16\u00b0-18\u00b0C. Nast\u0119pnie wino dojrzewa przez 6 miesi\u0119cy w d\u0119bowych beczkach, le\u017cakuj\u0105c na drobnym osadzie, co jest wspomagane okresowym battona\u017cem (mieszaniem osadu). Wino charakteryzuje si\u0119 pe\u0142nym i bogatym [&hellip;]<\/p>\n","protected":false},"featured_media":484,"comment_status":"open","ping_status":"closed","template":"","meta":[],"product_brand":[],"product_cat":[26],"product_tag":[],"class_list":{"0":"post-483","1":"product","2":"type-product","3":"status-publish","4":"has-post-thumbnail","6":"product_cat-wina","8":"first","9":"instock","10":"shipping-taxable","11":"purchasable","12":"product-type-simple"},"_links":{"self":[{"href":"https:\/\/perlyalkoholi.pl\/index.php\/wp-json\/wp\/v2\/product\/483","targetHints":{"allow":["GET"]}}],"collection":[{"href":"https:\/\/perlyalkoholi.pl\/index.php\/wp-json\/wp\/v2\/product"}],"about":[{"href":"https:\/\/perlyalkoholi.pl\/index.php\/wp-json\/wp\/v2\/types\/product"}],"replies":[{"embeddable":true,"href":"https:\/\/perlyalkoholi.pl\/index.php\/wp-json\/wp\/v2\/comments?post=483"}],"wp:featuredmedia":[{"embeddable":true,"href":"https:\/\/perlyalkoholi.pl\/index.php\/wp-json\/wp\/v2\/media\/484"}],"wp:attachment":[{"href":"https:\/\/perlyalkoholi.pl\/index.php\/wp-json\/wp\/v2\/media?parent=483"}],"wp:term":[{"taxonomy":"product_brand","embeddable":true,"href":"https:\/\/perlyalkoholi.pl\/index.php\/wp-json\/wp\/v2\/product_brand?post=483"},{"taxonomy":"product_cat","embeddable":true,"href":"https:\/\/perlyalkoholi.pl\/index.php\/wp-json\/wp\/v2\/product_cat?post=483"},{"taxonomy":"product_tag","embeddable":true,"href":"https:\/\/perlyalkoholi.pl\/index.php\/wp-json\/wp\/v2\/product_tag?post=483"}],"curies":[{"name":"wp","href":"https:\/\/api.w.org\/{rel}","templated":true}]}}