{"id":481,"date":"2024-09-10T11:56:15","date_gmt":"2024-09-10T11:56:15","guid":{"rendered":"https:\/\/perlyalkoholi.pl\/?post_type=product&#038;p=481"},"modified":"2025-06-04T13:30:59","modified_gmt":"2025-06-04T13:30:59","slug":"12-e-mezzo-organic-primitivo-puglia-biologico","status":"publish","type":"product","link":"https:\/\/perlyalkoholi.pl\/index.php\/produkt\/12-e-mezzo-organic-primitivo-puglia-biologico\/","title":{"rendered":"12 e Mezzo Organic &#8211; Primitivo Puglia Biologico"},"content":{"rendered":"<div class=\"flex max-w-full flex-col flex-grow\">\n<div class=\"min-h-[20px] text-message flex w-full flex-col items-end gap-2 whitespace-normal break-words [.text-message+&amp;]:mt-5\" dir=\"auto\" data-message-author-role=\"assistant\" data-message-id=\"5339d490-96f6-469a-8352-90f6da512a31\">\n<div class=\"flex w-full flex-col gap-1 empty:hidden first:pt-[3px]\">\n<div class=\"markdown prose w-full break-words dark:prose-invert dark\">\n<p>Primitivo z kolekcji Varvaglione 12 e Mezzo to wyj\u0105tkowe wino, kt\u00f3re zdoby\u0142o uznanie i nagrody, mi\u0119dzy innymi za swoje ekologiczne metody produkcji i wyrafinowany profil smakowy. Cechuje si\u0119 g\u0142\u0119bok\u0105 barw\u0105 z fioletowymi refleksami, kt\u00f3re przywodz\u0105 na my\u015bl \u015bwie\u017ce owoce. W aromacie dominuj\u0105 nuty czarnej porzeczki i je\u017cyn, wzbogacone o przyprawy takie jak ga\u0142ka muszkato\u0142owa, lukrecja, czekolada i wanilia, kt\u00f3re wino zawdzi\u0119cza dojrzewaniu w drewnianych beczkach przez co najmniej 9 miesi\u0119cy.<\/p>\n<p>Wino ma \u015bwie\u017c\u0105 struktur\u0119 i zr\u00f3wnowa\u017con\u0105 kwasowo\u015b\u0107, kt\u00f3ra nadaje mu b\u0142yskotliwo\u015b\u0107 i d\u0142ugo\u015b\u0107 w smaku. W ustach pozostawia \u015blady owoc\u00f3w i delikatnego kokosa, co czyni je doskona\u0142ym towarzyszem potraw takich jak pieczone i grillowane mi\u0119sa w ciemnych sosach oraz twarde sery.<\/p>\n<p>Winnice Varvaglione 1921, znajduj\u0105ce si\u0119 w Apulii, w prowincji Taranto, od pokole\u0144 dbaj\u0105 o tradycj\u0119 winiarsk\u0105, \u0142\u0105cz\u0105c j\u0105 z nowoczesnymi technologiami. Firma, prowadzona przez Cosimo i Mari\u0119 Teres\u0119 Varvaglione, kontynuuje rodzinn\u0105 pasj\u0119, tworz\u0105c wina odzwierciedlaj\u0105ce pi\u0119kno i bogactwo regionu Salento.<\/p>\n<\/div>\n<\/div>\n<\/div>\n<\/div>\n<div class=\"mt-1 flex gap-3 empty:hidden -ml-2\">\n<div class=\"items-center justify-start rounded-xl p-1 z-10 -mt-1 bg-token-main-surface-primary md:absolute md:border md:border-token-border-light flex\">\n<div class=\"flex items-center\">\n<div class=\"flex items-center pb-0\">\n<div class=\"[&amp;_svg]:h-full [&amp;_svg]:w-full icon-md h-4 w-4\"><\/div>\n<\/div>\n<\/div>\n<\/div>\n<\/div>\n","protected":false},"excerpt":{"rendered":"<p>Primitivo z kolekcji Varvaglione 12 e Mezzo to wyj\u0105tkowe wino, kt\u00f3re zdoby\u0142o uznanie i nagrody, mi\u0119dzy innymi za swoje ekologiczne metody produkcji i wyrafinowany profil smakowy. Cechuje si\u0119 g\u0142\u0119bok\u0105 barw\u0105 z fioletowymi refleksami, kt\u00f3re przywodz\u0105 na my\u015bl \u015bwie\u017ce owoce. W aromacie dominuj\u0105 nuty czarnej porzeczki i je\u017cyn, wzbogacone o przyprawy takie jak ga\u0142ka muszkato\u0142owa, lukrecja, [&hellip;]<\/p>\n","protected":false},"featured_media":482,"comment_status":"open","ping_status":"closed","template":"","meta":[],"product_brand":[],"product_cat":[26],"product_tag":[],"class_list":{"0":"post-481","1":"product","2":"type-product","3":"status-publish","4":"has-post-thumbnail","6":"product_cat-wina","8":"first","9":"instock","10":"shipping-taxable","11":"purchasable","12":"product-type-simple"},"_links":{"self":[{"href":"https:\/\/perlyalkoholi.pl\/index.php\/wp-json\/wp\/v2\/product\/481","targetHints":{"allow":["GET"]}}],"collection":[{"href":"https:\/\/perlyalkoholi.pl\/index.php\/wp-json\/wp\/v2\/product"}],"about":[{"href":"https:\/\/perlyalkoholi.pl\/index.php\/wp-json\/wp\/v2\/types\/product"}],"replies":[{"embeddable":true,"href":"https:\/\/perlyalkoholi.pl\/index.php\/wp-json\/wp\/v2\/comments?post=481"}],"wp:featuredmedia":[{"embeddable":true,"href":"https:\/\/perlyalkoholi.pl\/index.php\/wp-json\/wp\/v2\/media\/482"}],"wp:attachment":[{"href":"https:\/\/perlyalkoholi.pl\/index.php\/wp-json\/wp\/v2\/media?parent=481"}],"wp:term":[{"taxonomy":"product_brand","embeddable":true,"href":"https:\/\/perlyalkoholi.pl\/index.php\/wp-json\/wp\/v2\/product_brand?post=481"},{"taxonomy":"product_cat","embeddable":true,"href":"https:\/\/perlyalkoholi.pl\/index.php\/wp-json\/wp\/v2\/product_cat?post=481"},{"taxonomy":"product_tag","embeddable":true,"href":"https:\/\/perlyalkoholi.pl\/index.php\/wp-json\/wp\/v2\/product_tag?post=481"}],"curies":[{"name":"wp","href":"https:\/\/api.w.org\/{rel}","templated":true}]}}