{"id":479,"date":"2024-09-10T11:51:51","date_gmt":"2024-09-10T11:51:51","guid":{"rendered":"https:\/\/perlyalkoholi.pl\/?post_type=product&#038;p=479"},"modified":"2025-06-04T13:30:59","modified_gmt":"2025-06-04T13:30:59","slug":"12-e-mezzo-organic-bianco-puglia-biologico","status":"publish","type":"product","link":"https:\/\/perlyalkoholi.pl\/index.php\/produkt\/12-e-mezzo-organic-bianco-puglia-biologico\/","title":{"rendered":"12 e Mezzo Organic &#8211; Bianco Puglia Biologico"},"content":{"rendered":"<p><strong>Rodzaj:<\/strong> Bia\u0142e, wytrawne wino<\/p>\n<p><strong>Region:<\/strong> Puglia, W\u0142ochy<\/p>\n<p><strong>Szczep:<\/strong> Malvasia, Verdeca, Chardonnay<\/p>\n<p><strong>Opis:<\/strong><\/p>\n<p>12 e Mezzo Bianco Puglia Organic to wy\u015bmienite bia\u0142e wino wytrawne, stworzone z organicznych winoro\u015bli. Jego s\u0142omkowo-\u017c\u00f3\u0142ty kolor z delikatnymi zielonymi refleksami zachwyca ju\u017c na pierwszy rzut oka.<\/p>\n<p><strong>Aromat:<\/strong> Wino emanuje aromatami s\u0142odkich brzoskwi\u0144, moreli oraz cytrus\u00f3w, z subtelnym akcentem kwiatowym, kt\u00f3ry dodaje mu elegancji.<\/p>\n<p><strong>Smak:<\/strong> Lekkie, z nisk\u0105 kwasowo\u015bci\u0105, \u015bwie\u017ce i pe\u0142ne charakteru. Oferuje d\u0142ugie, przyjemne zako\u0144czenie, kt\u00f3re pozostaje na podniebieniu.<\/p>\n<p><strong>Po\u0142\u0105czenia kulinarne:<\/strong> Idealne do surowej ryby, owoc\u00f3w morza oraz sezonowych sa\u0142atek.<\/p>\n<p><strong>Temperatura podawania:<\/strong> 8\u00b0C &#8211; 10\u00b0C<\/p>\n","protected":false},"excerpt":{"rendered":"<p>Rodzaj: Bia\u0142e, wytrawne wino Region: Puglia, W\u0142ochy Szczep: Malvasia, Verdeca, Chardonnay Opis: 12 e Mezzo Bianco Puglia Organic to wy\u015bmienite bia\u0142e wino wytrawne, stworzone z organicznych winoro\u015bli. Jego s\u0142omkowo-\u017c\u00f3\u0142ty kolor z delikatnymi zielonymi refleksami zachwyca ju\u017c na pierwszy rzut oka. Aromat: Wino emanuje aromatami s\u0142odkich brzoskwi\u0144, moreli oraz cytrus\u00f3w, z subtelnym akcentem kwiatowym, kt\u00f3ry dodaje [&hellip;]<\/p>\n","protected":false},"featured_media":480,"comment_status":"open","ping_status":"closed","template":"","meta":[],"product_brand":[],"product_cat":[26],"product_tag":[],"class_list":{"0":"post-479","1":"product","2":"type-product","3":"status-publish","4":"has-post-thumbnail","6":"product_cat-wina","8":"first","9":"instock","10":"shipping-taxable","11":"purchasable","12":"product-type-simple"},"_links":{"self":[{"href":"https:\/\/perlyalkoholi.pl\/index.php\/wp-json\/wp\/v2\/product\/479","targetHints":{"allow":["GET"]}}],"collection":[{"href":"https:\/\/perlyalkoholi.pl\/index.php\/wp-json\/wp\/v2\/product"}],"about":[{"href":"https:\/\/perlyalkoholi.pl\/index.php\/wp-json\/wp\/v2\/types\/product"}],"replies":[{"embeddable":true,"href":"https:\/\/perlyalkoholi.pl\/index.php\/wp-json\/wp\/v2\/comments?post=479"}],"wp:featuredmedia":[{"embeddable":true,"href":"https:\/\/perlyalkoholi.pl\/index.php\/wp-json\/wp\/v2\/media\/480"}],"wp:attachment":[{"href":"https:\/\/perlyalkoholi.pl\/index.php\/wp-json\/wp\/v2\/media?parent=479"}],"wp:term":[{"taxonomy":"product_brand","embeddable":true,"href":"https:\/\/perlyalkoholi.pl\/index.php\/wp-json\/wp\/v2\/product_brand?post=479"},{"taxonomy":"product_cat","embeddable":true,"href":"https:\/\/perlyalkoholi.pl\/index.php\/wp-json\/wp\/v2\/product_cat?post=479"},{"taxonomy":"product_tag","embeddable":true,"href":"https:\/\/perlyalkoholi.pl\/index.php\/wp-json\/wp\/v2\/product_tag?post=479"}],"curies":[{"name":"wp","href":"https:\/\/api.w.org\/{rel}","templated":true}]}}