{"id":477,"date":"2024-09-10T11:44:35","date_gmt":"2024-09-10T11:44:35","guid":{"rendered":"https:\/\/perlyalkoholi.pl\/?post_type=product&#038;p=477"},"modified":"2025-06-04T13:30:59","modified_gmt":"2025-06-04T13:30:59","slug":"mats-gif-box-el-picaro-el-recio","status":"publish","type":"product","link":"https:\/\/perlyalkoholi.pl\/index.php\/produkt\/mats-gif-box-el-picaro-el-recio\/","title":{"rendered":"Mats GIF BOX &#8211; El P\u00edcaro + EL Recio"},"content":{"rendered":"<p><strong>Kraj:<\/strong> Hiszpania<\/p>\n<p><strong>Region:<\/strong> Toro<\/p>\n<p><strong>Szczep:<\/strong> Tempranillo (Tinta de Toro)<\/p>\n<p><strong>Opis:<\/strong><\/p>\n<p>Odkryj esencj\u0119 Matsu z naszym eleganckim zestawem prezentowym Matsu Duo. Ten wyj\u0105tkowy zestaw prezentuje dwa wspania\u0142e wina, z kt\u00f3rych ka\u017cde odzwierciedla odmienny aspekt kunsztu winiarskiego Matsu.<\/p>\n<p>Matsu, z niezachwianym zaanga\u017cowaniem w uprawy ekologiczne i rygorystyczne standardy jako\u015bci, dostarcza wina, kt\u00f3re s\u0105 prawdziwym odzwierciedleniem pasji i precyzji. Zachwycaj\u0105ce etykiety win, z portretami pokole\u0144 winiarzy Matsu autorstwa uznanych fotograf\u00f3w B\u00e8li Adler i Salvador Fresneda, wprowadzaj\u0105 artystyczny urok, kt\u00f3ry porusza serca.<\/p>\n<p><strong>Zawarto\u015b\u0107 zestawu:<\/strong><\/p>\n<p><strong>Matsu El P\u00edcaro<\/strong> (Ocena Vivino: 3.9)<\/p>\n<ul>\n<li>Przyk\u0142ad m\u0142odzie\u0144czej si\u0142y i witalno\u015bci<\/li>\n<li>Ho\u0142d dla hiszpa\u0144skiego, buntowniczego charakteru i solidnej struktury<\/li>\n<\/ul>\n<p><strong>Matsu El Recio<\/strong> (Ocena Vivino: 4.1)<\/p>\n<ul>\n<li>Wykonane z winoro\u015bli pochodz\u0105cych z lat 90-tych, stosuj\u0105ce praktyki biodynamiczne<\/li>\n<li>Oferuje intensywny bukiet owocowy oraz bogaty, jedwabisty smak z d\u0142ugim, utrzymuj\u0105cym si\u0119 finiszem<\/li>\n<\/ul>\n<p>Ten elegancki zestaw prezentowy jest idealnym wyborem do wzbogacenia Twoich uroczysto\u015bci lub oznaczenia specjalnych moment\u00f3w. Doskona\u0142y jako przemy\u015blany prezent lub mi\u0142a niespodzianka dla bliskich, przyjaci\u00f3\u0142 lub partner\u00f3w, Matsu Duo Giftbox uosabia esencj\u0119 doskona\u0142o\u015bci i m\u0105dro\u015bci winiarskiej.<\/p>\n<p><em>Rocznik mo\u017ce si\u0119 r\u00f3\u017cni\u0107 bez uprzedniego powiadomienia przez naszych dostawc\u00f3w.<\/em><\/p>\n","protected":false},"excerpt":{"rendered":"<p>Kraj: Hiszpania Region: Toro Szczep: Tempranillo (Tinta de Toro) Opis: Odkryj esencj\u0119 Matsu z naszym eleganckim zestawem prezentowym Matsu Duo. Ten wyj\u0105tkowy zestaw prezentuje dwa wspania\u0142e wina, z kt\u00f3rych ka\u017cde odzwierciedla odmienny aspekt kunsztu winiarskiego Matsu. Matsu, z niezachwianym zaanga\u017cowaniem w uprawy ekologiczne i rygorystyczne standardy jako\u015bci, dostarcza wina, kt\u00f3re s\u0105 prawdziwym odzwierciedleniem pasji i [&hellip;]<\/p>\n","protected":false},"featured_media":478,"comment_status":"open","ping_status":"closed","template":"","meta":[],"product_brand":[],"product_cat":[26],"product_tag":[],"class_list":{"0":"post-477","1":"product","2":"type-product","3":"status-publish","4":"has-post-thumbnail","6":"product_cat-wina","8":"first","9":"instock","10":"shipping-taxable","11":"purchasable","12":"product-type-simple"},"_links":{"self":[{"href":"https:\/\/perlyalkoholi.pl\/index.php\/wp-json\/wp\/v2\/product\/477","targetHints":{"allow":["GET"]}}],"collection":[{"href":"https:\/\/perlyalkoholi.pl\/index.php\/wp-json\/wp\/v2\/product"}],"about":[{"href":"https:\/\/perlyalkoholi.pl\/index.php\/wp-json\/wp\/v2\/types\/product"}],"replies":[{"embeddable":true,"href":"https:\/\/perlyalkoholi.pl\/index.php\/wp-json\/wp\/v2\/comments?post=477"}],"wp:featuredmedia":[{"embeddable":true,"href":"https:\/\/perlyalkoholi.pl\/index.php\/wp-json\/wp\/v2\/media\/478"}],"wp:attachment":[{"href":"https:\/\/perlyalkoholi.pl\/index.php\/wp-json\/wp\/v2\/media?parent=477"}],"wp:term":[{"taxonomy":"product_brand","embeddable":true,"href":"https:\/\/perlyalkoholi.pl\/index.php\/wp-json\/wp\/v2\/product_brand?post=477"},{"taxonomy":"product_cat","embeddable":true,"href":"https:\/\/perlyalkoholi.pl\/index.php\/wp-json\/wp\/v2\/product_cat?post=477"},{"taxonomy":"product_tag","embeddable":true,"href":"https:\/\/perlyalkoholi.pl\/index.php\/wp-json\/wp\/v2\/product_tag?post=477"}],"curies":[{"name":"wp","href":"https:\/\/api.w.org\/{rel}","templated":true}]}}