{"id":474,"date":"2024-09-10T11:36:55","date_gmt":"2024-09-10T11:36:55","guid":{"rendered":"https:\/\/perlyalkoholi.pl\/?post_type=product&#038;p=474"},"modified":"2025-06-04T13:30:59","modified_gmt":"2025-06-04T13:30:59","slug":"magnum-matsu-cardboard-gift-box-el-viejo","status":"publish","type":"product","link":"https:\/\/perlyalkoholi.pl\/index.php\/produkt\/magnum-matsu-cardboard-gift-box-el-viejo\/","title":{"rendered":"Magnum Matsu CARDBOARD GIFT BOX \u2013 El Viejo"},"content":{"rendered":"<p><strong>Kraj:<\/strong> Hiszpania<\/p>\n<p><strong>Region:<\/strong> D.O. Toro<\/p>\n<p><strong>Producent:<\/strong> Matsu<\/p>\n<p><strong>Rodzaj:<\/strong> Czerwone, wytrawne, ekologiczne<\/p>\n<p><strong>Szczep:<\/strong> 100% Tinta de Toro (Tempranillo)<\/p>\n<p><strong>Zawarto\u015b\u0107 alkoholu:<\/strong> 15%<\/p>\n<p><strong>Obj\u0119to\u015b\u0107:<\/strong> 750 ml<\/p>\n<p><strong>Opis:<\/strong><\/p>\n<p>Matsu El Viejo to \u201enajstarsze\u201d z tr\u00f3jki win oferowanych przez hiszpa\u0144skiego producenta Matsu. To ekologiczne wino, tworzone z pasj\u0105 i oddaniem, kt\u00f3re odzwierciedla jego nazw\u0119 \u2013 w j\u0119zyku japo\u0144skim \u201ematsu\u201d oznacza \u201eoczekiwanie\u201d.<\/p>\n<p>Wino dojrzewa\u0142o przez 16 miesi\u0119cy w beczkach z francuskiego d\u0119bu, co nadaje mu intensywny aromat czarnych owoc\u00f3w z nutami tostowymi i dymnymi. Na podniebieniu prezentuje dojrza\u0142e, okr\u0105g\u0142e taniny oraz d\u0142ugi, przyjemny finisz.<\/p>\n<p><strong>Aromat:<\/strong> Intensywny, z wyra\u017anymi nutami czarnych owoc\u00f3w, tost\u00f3w i dymu.<\/p>\n<p><strong>Smak:<\/strong> Dojrza\u0142e, z okr\u0105g\u0142ymi taninami i d\u0142ugim finiszem.<\/p>\n<p><strong>Po\u0142\u0105czenia kulinarne:<\/strong> Doskona\u0142e do da\u0144 mi\u0119snych, zw\u0142aszcza wo\u0142owiny, dziczyzny oraz dojrzewaj\u0105cych ser\u00f3w.<\/p>\n<p><strong>Temperatura podawania:<\/strong> 16\u00b0C &#8211; 18\u00b0C<\/p>\n","protected":false},"excerpt":{"rendered":"<p>Kraj: Hiszpania Region: D.O. Toro Producent: Matsu Rodzaj: Czerwone, wytrawne, ekologiczne Szczep: 100% Tinta de Toro (Tempranillo) Zawarto\u015b\u0107 alkoholu: 15% Obj\u0119to\u015b\u0107: 750 ml Opis: Matsu El Viejo to \u201enajstarsze\u201d z tr\u00f3jki win oferowanych przez hiszpa\u0144skiego producenta Matsu. To ekologiczne wino, tworzone z pasj\u0105 i oddaniem, kt\u00f3re odzwierciedla jego nazw\u0119 \u2013 w j\u0119zyku japo\u0144skim \u201ematsu\u201d oznacza [&hellip;]<\/p>\n","protected":false},"featured_media":475,"comment_status":"open","ping_status":"closed","template":"","meta":[],"product_brand":[],"product_cat":[26],"product_tag":[],"class_list":{"0":"post-474","1":"product","2":"type-product","3":"status-publish","4":"has-post-thumbnail","6":"product_cat-wina","8":"first","9":"instock","10":"shipping-taxable","11":"purchasable","12":"product-type-simple"},"_links":{"self":[{"href":"https:\/\/perlyalkoholi.pl\/index.php\/wp-json\/wp\/v2\/product\/474","targetHints":{"allow":["GET"]}}],"collection":[{"href":"https:\/\/perlyalkoholi.pl\/index.php\/wp-json\/wp\/v2\/product"}],"about":[{"href":"https:\/\/perlyalkoholi.pl\/index.php\/wp-json\/wp\/v2\/types\/product"}],"replies":[{"embeddable":true,"href":"https:\/\/perlyalkoholi.pl\/index.php\/wp-json\/wp\/v2\/comments?post=474"}],"wp:featuredmedia":[{"embeddable":true,"href":"https:\/\/perlyalkoholi.pl\/index.php\/wp-json\/wp\/v2\/media\/475"}],"wp:attachment":[{"href":"https:\/\/perlyalkoholi.pl\/index.php\/wp-json\/wp\/v2\/media?parent=474"}],"wp:term":[{"taxonomy":"product_brand","embeddable":true,"href":"https:\/\/perlyalkoholi.pl\/index.php\/wp-json\/wp\/v2\/product_brand?post=474"},{"taxonomy":"product_cat","embeddable":true,"href":"https:\/\/perlyalkoholi.pl\/index.php\/wp-json\/wp\/v2\/product_cat?post=474"},{"taxonomy":"product_tag","embeddable":true,"href":"https:\/\/perlyalkoholi.pl\/index.php\/wp-json\/wp\/v2\/product_tag?post=474"}],"curies":[{"name":"wp","href":"https:\/\/api.w.org\/{rel}","templated":true}]}}