{"id":469,"date":"2024-09-10T11:30:25","date_gmt":"2024-09-10T11:30:25","guid":{"rendered":"https:\/\/perlyalkoholi.pl\/?post_type=product&#038;p=469"},"modified":"2025-06-04T13:30:59","modified_gmt":"2025-06-04T13:30:59","slug":"magnum-matsu-cardboard-gift-box-el-recio","status":"publish","type":"product","link":"https:\/\/perlyalkoholi.pl\/index.php\/produkt\/magnum-matsu-cardboard-gift-box-el-recio\/","title":{"rendered":"Magnum Matsu CARDBOARD GIFT BOX \u2013 El Recio"},"content":{"rendered":"<p><strong>Kraj:<\/strong> Hiszpania<\/p>\n<p><strong>Region:<\/strong> D.O. Toro<\/p>\n<p><strong>Producent:<\/strong> Matsu<\/p>\n<p><strong>Rodzaj:<\/strong> Czerwone, wytrawne, ekologiczne<\/p>\n<p><strong>Szczep:<\/strong> 100% Tinta de Toro (Tempranillo)<\/p>\n<p><strong>Zawarto\u015b\u0107 alkoholu:<\/strong> 14%<\/p>\n<p><strong>Obj\u0119to\u015b\u0107:<\/strong> 750 ml<\/p>\n<p><strong>Opis:<\/strong><\/p>\n<p>Matsu El Recio Toro to wino o idealnej r\u00f3wnowadze pomi\u0119dzy m\u0142odo\u015bci\u0105 a dojrza\u0142o\u015bci\u0105, kt\u00f3re doskonale oddaje charakter pokolenia winiarzy Matsu &#8211; pomi\u0119dzy najm\u0142odszymi a najstarszymi. Wino to charakteryzuje si\u0119 intensywnie rubinowym kolorem i dojrzewa przez 14 miesi\u0119cy w beczkach z francuskiego d\u0119bu.<\/p>\n<p><strong>Aromat:<\/strong> Wyraziste i wielowymiarowe, z wyczuwalnymi nutami czekolady, dojrza\u0142ych ciemnych owoc\u00f3w oraz wanilii.<\/p>\n<p><strong>Smak:<\/strong> Kr\u0105g\u0142e i jedwabiste na podniebieniu, z subtelnymi nutami glicerynowymi. Wino jest z\u0142o\u017cone i absorbuj\u0105ce, z przyjemnym, d\u0142ugim mineralnym posmakiem.<\/p>\n<p><strong>Po\u0142\u0105czenia kulinarne:<\/strong> Doskonale komponuje si\u0119 z daniami mi\u0119snymi, dojrzewaj\u0105cymi serami oraz potrawami z grilla.<\/p>\n<p><strong>Temperatura podawania:<\/strong> 16\u00b0C &#8211; 18\u00b0C<\/p>\n","protected":false},"excerpt":{"rendered":"<p>Kraj: Hiszpania Region: D.O. Toro Producent: Matsu Rodzaj: Czerwone, wytrawne, ekologiczne Szczep: 100% Tinta de Toro (Tempranillo) Zawarto\u015b\u0107 alkoholu: 14% Obj\u0119to\u015b\u0107: 750 ml Opis: Matsu El Recio Toro to wino o idealnej r\u00f3wnowadze pomi\u0119dzy m\u0142odo\u015bci\u0105 a dojrza\u0142o\u015bci\u0105, kt\u00f3re doskonale oddaje charakter pokolenia winiarzy Matsu &#8211; pomi\u0119dzy najm\u0142odszymi a najstarszymi. Wino to charakteryzuje si\u0119 intensywnie rubinowym [&hellip;]<\/p>\n","protected":false},"featured_media":472,"comment_status":"open","ping_status":"closed","template":"","meta":[],"product_brand":[],"product_cat":[26],"product_tag":[],"class_list":{"0":"post-469","1":"product","2":"type-product","3":"status-publish","4":"has-post-thumbnail","6":"product_cat-wina","8":"first","9":"instock","10":"shipping-taxable","11":"purchasable","12":"product-type-simple"},"_links":{"self":[{"href":"https:\/\/perlyalkoholi.pl\/index.php\/wp-json\/wp\/v2\/product\/469","targetHints":{"allow":["GET"]}}],"collection":[{"href":"https:\/\/perlyalkoholi.pl\/index.php\/wp-json\/wp\/v2\/product"}],"about":[{"href":"https:\/\/perlyalkoholi.pl\/index.php\/wp-json\/wp\/v2\/types\/product"}],"replies":[{"embeddable":true,"href":"https:\/\/perlyalkoholi.pl\/index.php\/wp-json\/wp\/v2\/comments?post=469"}],"wp:featuredmedia":[{"embeddable":true,"href":"https:\/\/perlyalkoholi.pl\/index.php\/wp-json\/wp\/v2\/media\/472"}],"wp:attachment":[{"href":"https:\/\/perlyalkoholi.pl\/index.php\/wp-json\/wp\/v2\/media?parent=469"}],"wp:term":[{"taxonomy":"product_brand","embeddable":true,"href":"https:\/\/perlyalkoholi.pl\/index.php\/wp-json\/wp\/v2\/product_brand?post=469"},{"taxonomy":"product_cat","embeddable":true,"href":"https:\/\/perlyalkoholi.pl\/index.php\/wp-json\/wp\/v2\/product_cat?post=469"},{"taxonomy":"product_tag","embeddable":true,"href":"https:\/\/perlyalkoholi.pl\/index.php\/wp-json\/wp\/v2\/product_tag?post=469"}],"curies":[{"name":"wp","href":"https:\/\/api.w.org\/{rel}","templated":true}]}}