{"id":465,"date":"2024-09-10T11:24:03","date_gmt":"2024-09-10T11:24:03","guid":{"rendered":"https:\/\/perlyalkoholi.pl\/?post_type=product&#038;p=465"},"modified":"2025-06-04T13:30:59","modified_gmt":"2025-06-04T13:30:59","slug":"magnum-matsu-cardboard-gift-box-el-picaro","status":"publish","type":"product","link":"https:\/\/perlyalkoholi.pl\/index.php\/produkt\/magnum-matsu-cardboard-gift-box-el-picaro\/","title":{"rendered":"Magnum Matsu CARDBOARD GIFT BOX \u2013 El P\u00edcaro"},"content":{"rendered":"<p><strong>Typ:<\/strong> Czerwone wino<\/p>\n<p><strong>Winiarnia:<\/strong> Matsu<\/p>\n<p><strong>Region:<\/strong> Hiszpania &#8211; D.O. Toro<\/p>\n<p><strong>Rocznik:<\/strong> 2021<\/p>\n<p><strong>Zawarto\u015b\u0107 alkoholu:<\/strong> 14,5%<\/p>\n<p><strong>Odmiana winogron:<\/strong> 100% Tinta de Toro (Tempranillo)<\/p>\n<p><strong>Opis:<\/strong><\/p>\n<p>Matsu El P\u00edcaro Toro to wino silne, charakterne i odwa\u017cne, idealnie odzwierciedlaj\u0105ce temperament najm\u0142odszego pokolenia winiarzy Matsu. Wino prezentuje g\u0142\u0119boki, rubinowy kolor z \u015bwietlistymi refleksami.<\/p>\n<p><strong>Aromat:<\/strong> Intensywna, dojrza\u0142a s\u0142odycz jag\u00f3d z wyra\u017an\u0105 mineraln\u0105 nut\u0105, kt\u00f3ra dodaje z\u0142o\u017cono\u015bci.<\/p>\n<p><strong>Smak:<\/strong> Pe\u0142ne i owocowe, z pysznymi taninami. Wyczuwalne nuty owocowo\u015bci i lukrecji, kt\u00f3re pochodz\u0105 z dojrza\u0142ych gron Tinta de Toro. Wino jest elastyczne, z d\u0142ugim i przyjemnym finiszem, kt\u00f3ry pozostaje na podniebieniu.<\/p>\n<p><strong>Po\u0142\u0105czenia kulinarne:<\/strong> Doskonale pasuje do da\u0144 z drobiu, pikantnych potraw, sa\u0142atek, makaron\u00f3w oraz mi\u0119sa bia\u0142ego i czerwonego.<\/p>\n<p><strong>Temperatura podawania:<\/strong> 15\u00b0C &#8211; 17\u00b0C<\/p>\n","protected":false},"excerpt":{"rendered":"<p>Typ: Czerwone wino Winiarnia: Matsu Region: Hiszpania &#8211; D.O. Toro Rocznik: 2021 Zawarto\u015b\u0107 alkoholu: 14,5% Odmiana winogron: 100% Tinta de Toro (Tempranillo) Opis: Matsu El P\u00edcaro Toro to wino silne, charakterne i odwa\u017cne, idealnie odzwierciedlaj\u0105ce temperament najm\u0142odszego pokolenia winiarzy Matsu. Wino prezentuje g\u0142\u0119boki, rubinowy kolor z \u015bwietlistymi refleksami. Aromat: Intensywna, dojrza\u0142a s\u0142odycz jag\u00f3d z wyra\u017an\u0105 [&hellip;]<\/p>\n","protected":false},"featured_media":467,"comment_status":"open","ping_status":"closed","template":"","meta":[],"product_brand":[],"product_cat":[26],"product_tag":[],"class_list":{"0":"post-465","1":"product","2":"type-product","3":"status-publish","4":"has-post-thumbnail","6":"product_cat-wina","8":"first","9":"instock","10":"shipping-taxable","11":"purchasable","12":"product-type-simple"},"_links":{"self":[{"href":"https:\/\/perlyalkoholi.pl\/index.php\/wp-json\/wp\/v2\/product\/465","targetHints":{"allow":["GET"]}}],"collection":[{"href":"https:\/\/perlyalkoholi.pl\/index.php\/wp-json\/wp\/v2\/product"}],"about":[{"href":"https:\/\/perlyalkoholi.pl\/index.php\/wp-json\/wp\/v2\/types\/product"}],"replies":[{"embeddable":true,"href":"https:\/\/perlyalkoholi.pl\/index.php\/wp-json\/wp\/v2\/comments?post=465"}],"wp:featuredmedia":[{"embeddable":true,"href":"https:\/\/perlyalkoholi.pl\/index.php\/wp-json\/wp\/v2\/media\/467"}],"wp:attachment":[{"href":"https:\/\/perlyalkoholi.pl\/index.php\/wp-json\/wp\/v2\/media?parent=465"}],"wp:term":[{"taxonomy":"product_brand","embeddable":true,"href":"https:\/\/perlyalkoholi.pl\/index.php\/wp-json\/wp\/v2\/product_brand?post=465"},{"taxonomy":"product_cat","embeddable":true,"href":"https:\/\/perlyalkoholi.pl\/index.php\/wp-json\/wp\/v2\/product_cat?post=465"},{"taxonomy":"product_tag","embeddable":true,"href":"https:\/\/perlyalkoholi.pl\/index.php\/wp-json\/wp\/v2\/product_tag?post=465"}],"curies":[{"name":"wp","href":"https:\/\/api.w.org\/{rel}","templated":true}]}}