{"id":461,"date":"2024-09-10T10:50:28","date_gmt":"2024-09-10T10:50:28","guid":{"rendered":"https:\/\/perlyalkoholi.pl\/?post_type=product&#038;p=461"},"modified":"2025-06-04T13:30:59","modified_gmt":"2025-06-04T13:30:59","slug":"clea-crianza-2020","status":"publish","type":"product","link":"https:\/\/perlyalkoholi.pl\/index.php\/produkt\/clea-crianza-2020\/","title":{"rendered":"Clea Crianza 2020"},"content":{"rendered":"<p><span style=\"font-family: georgia, palatino;\">Winiarnia De Bardos, nale\u017c\u0105ca do grupy Grupo Vintae, znajduje si\u0119 w renomowanym regionie Ribera del Duero w Hiszpanii, a dok\u0142adniej w jego najzimniejszej i najwy\u017cej po\u0142o\u017conej cz\u0119\u015bci, na wysoko\u015bci ponad 940 metr\u00f3w nad poziomem morza, w okolicach wiosek Fuentemolinos i Moradillo de Roa.<\/span><\/p>\n<p><span style=\"font-family: georgia, palatino;\">Winiarnia s\u0142ynie z selektywnych winnic z ocen\u0105 pago, kt\u00f3re zapewniaj\u0105 wysokiej jako\u015bci winogrona, przek\u0142adaj\u0105ce si\u0119 na wyj\u0105tkowe wina. Wszystkie wina De Bardos s\u0105 produkowane r\u0119cznie, co podkre\u015bla ich rzemie\u015blniczy charakter. Asortyment Clea jest specjalnie przygotowywany dla grupy niezale\u017cnych sprzedawc\u00f3w win w Wielkiej Brytanii.<\/span><\/p>\n<p><span style=\"font-family: georgia, palatino;\"><strong>Szczeg\u00f3\u0142y wina:<\/strong><\/span><\/p>\n<ul>\n<li><span style=\"font-family: georgia, palatino;\"><strong>Odmiana:<\/strong> Tinta del Pa\u00eds<\/span><\/li>\n<li><span style=\"font-family: georgia, palatino;\"><strong>Winnica:<\/strong> Stare winnice o niskim plonie, zlokalizowane w najwy\u017cej po\u0142o\u017conych i najch\u0142odniejszych cz\u0119\u015bciach Ribera del Duero, w obszarach \u201ep\u00e1ramos\u201d w Burgos i Soria.<\/span><\/li>\n<li><span style=\"font-family: georgia, palatino;\"><strong>Zbi\u00f3r:<\/strong> R\u0119czny, odbywaj\u0105cy si\u0119 od 7 do 29 pa\u017adziernika.<\/span><\/li>\n<li><span style=\"font-family: georgia, palatino;\"><strong>Produkcja:<\/strong> Fermentacja i maceracja trwaj\u0105 od 3 do 4 tygodni w kadziach o pojemno\u015bci 15 000 kg, w temperaturze 28\u00b0C. Fermentacja malolaktyczna odbywa si\u0119 w beczkach z francuskiego d\u0119bu.<\/span><\/li>\n<li><span style=\"font-family: georgia, palatino;\"><strong>Dojrzewanie:<\/strong> 14 miesi\u0119cy w beczkach z francuskiego d\u0119bu.<\/span><\/li>\n<\/ul>\n<p><span style=\"font-family: georgia, palatino;\"><strong>Charakterystyka:<\/strong><\/span><\/p>\n<ul>\n<li><span style=\"font-family: georgia, palatino;\"><strong>Kolor:<\/strong> Intensywna wi\u015bniowo-czerwona z fioletowym odcieniem na kraw\u0119dziach.<\/span><\/li>\n<li><span style=\"font-family: georgia, palatino;\"><strong>Aromat:<\/strong> Z\u0142o\u017cony, intensywny, z wyra\u017anymi nutami ciemnych owoc\u00f3w, lukrecji i tytoniu.<\/span><\/li>\n<li><span style=\"font-family: georgia, palatino;\"><strong>Smak:<\/strong> Korpulentne, jedwabiste i eleganckie, z dobr\u0105 r\u00f3wnowag\u0105 kwasowo\u015bci i mi\u0119kkimi taninami. Charakteryzuje si\u0119 dobr\u0105 koncentracj\u0105 owoc\u00f3w oraz d\u0142ugim, przyjemnym finiszem.<\/span><\/li>\n<li><span style=\"font-family: georgia, palatino;\"><strong>Alkohol:<\/strong> 14% ABV<\/span><\/li>\n<\/ul>\n<p><span style=\"font-family: georgia, palatino;\"><strong>Dodatkowe informacje:<\/strong><\/span><\/p>\n<ul>\n<li><span style=\"font-family: georgia, palatino;\">Odpowiedni dla wegetarian i wegan.<\/span><\/li>\n<li><span style=\"font-family: georgia, palatino;\"><strong>Uwaga:<\/strong> Ograniczona dost\u0119pno\u015b\u0107 zapas\u00f3w na miejscu. Nasze stany magazynowe mog\u0105 ulega\u0107 zmianom, ale utrzymujemy silne relacje z dostawcami, co zapewnia dost\u0119p do szerokiej oferty win.<\/span><\/li>\n<\/ul>\n<p><span style=\"font-family: georgia, palatino;\">Je\u015bli jeste\u015b zainteresowany, warto sprawdzi\u0107 dost\u0119pno\u015b\u0107 w lokalnych sklepach z winami lub bezpo\u015brednio u dostawc\u00f3w, aby upewni\u0107 si\u0119, \u017ce mo\u017cesz zdoby\u0107 to wyj\u0105tkowe wino.<\/span><\/p>\n","protected":false},"excerpt":{"rendered":"<p>Winiarnia De Bardos, nale\u017c\u0105ca do grupy Grupo Vintae, znajduje si\u0119 w renomowanym regionie Ribera del Duero w Hiszpanii, a dok\u0142adniej w jego najzimniejszej i najwy\u017cej po\u0142o\u017conej cz\u0119\u015bci, na wysoko\u015bci ponad 940 metr\u00f3w nad poziomem morza, w okolicach wiosek Fuentemolinos i Moradillo de Roa. Winiarnia s\u0142ynie z selektywnych winnic z ocen\u0105 pago, kt\u00f3re zapewniaj\u0105 wysokiej jako\u015bci [&hellip;]<\/p>\n","protected":false},"featured_media":462,"comment_status":"open","ping_status":"closed","template":"","meta":[],"product_brand":[],"product_cat":[26],"product_tag":[],"class_list":{"0":"post-461","1":"product","2":"type-product","3":"status-publish","4":"has-post-thumbnail","6":"product_cat-wina","8":"first","9":"instock","10":"shipping-taxable","11":"purchasable","12":"product-type-simple"},"_links":{"self":[{"href":"https:\/\/perlyalkoholi.pl\/index.php\/wp-json\/wp\/v2\/product\/461","targetHints":{"allow":["GET"]}}],"collection":[{"href":"https:\/\/perlyalkoholi.pl\/index.php\/wp-json\/wp\/v2\/product"}],"about":[{"href":"https:\/\/perlyalkoholi.pl\/index.php\/wp-json\/wp\/v2\/types\/product"}],"replies":[{"embeddable":true,"href":"https:\/\/perlyalkoholi.pl\/index.php\/wp-json\/wp\/v2\/comments?post=461"}],"wp:featuredmedia":[{"embeddable":true,"href":"https:\/\/perlyalkoholi.pl\/index.php\/wp-json\/wp\/v2\/media\/462"}],"wp:attachment":[{"href":"https:\/\/perlyalkoholi.pl\/index.php\/wp-json\/wp\/v2\/media?parent=461"}],"wp:term":[{"taxonomy":"product_brand","embeddable":true,"href":"https:\/\/perlyalkoholi.pl\/index.php\/wp-json\/wp\/v2\/product_brand?post=461"},{"taxonomy":"product_cat","embeddable":true,"href":"https:\/\/perlyalkoholi.pl\/index.php\/wp-json\/wp\/v2\/product_cat?post=461"},{"taxonomy":"product_tag","embeddable":true,"href":"https:\/\/perlyalkoholi.pl\/index.php\/wp-json\/wp\/v2\/product_tag?post=461"}],"curies":[{"name":"wp","href":"https:\/\/api.w.org\/{rel}","templated":true}]}}